{"id":9,"date":"2014-01-09T00:41:30","date_gmt":"2014-01-09T07:41:30","guid":{"rendered":"http:\/\/www.lasallechihuahua.edu.mx.ws049.alentus.com\/portal\/wordpress\/?page_id=9"},"modified":"2018-05-03T12:35:24","modified_gmt":"2018-05-03T18:35:24","slug":"inicio","status":"publish","type":"page","link":"https:\/\/www.lasallechihuahua.edu.mx\/wordpress\/inicio\/","title":{"rendered":"Inicio"},"content":{"rendered":"<p>[vc_row][vc_column][layerslider_vc id=&#8221;0&#8243;][\/vc_column][\/vc_row][vc_row][vc_column]\t\t<div class=\"linp-post-list \">\n\t\t\t\t\t\t\t<div class=\"vc_row\">\n\t\t\t\t\t\t\t\t\t\t\t<div class=\"wh-padding item one third\">\n\t\t\t\t\t\t\t\t\t\t\t\t\t\t\t\t\t\t\t\t\t\t\t\t\t\t\t\t\t\t\t\t\t\t\t\t\t\t\t\t\t\t\t\t<div class=\"img-container\">\n\t\t\t\t\t\t\t\t\t<div class=\"date\">\n\t\t\t\t\t\t\t\t\t\t\t\t\t\t\t\t\t\t\t\t\t<div class=\"month\">\n\t\t\t\t\t\t\t\t\t\t\t\tJun\t\t\t\t\t\t\t\t\t\t\t<\/div>\n\t\t\t\t\t\t\t\t\t\t\t<div class=\"day\">\n\t\t\t\t\t\t\t\t\t\t\t\t08\t\t\t\t\t\t\t\t\t\t\t<\/div>\n\t\t\t\t\t\t\t\t\t\t\t\t\t\t\t\t\t\t\t<\/div>\n\t\t\t\t\t\t\t\t\t<a href=\"https:\/\/www.lasallechihuahua.edu.mx\/wordpress\/2017\/06\/calendario-escolar-2017-2018\/\"\n\t\t\t\t\t\t\t\t\t   title=\"Calendario Escolar 2017-2018\"><img width=\"150\" height=\"150\" src=\"https:\/\/www.lasallechihuahua.edu.mx\/wordpress\/wp-content\/uploads\/2017\/06\/Icono-Calendario-Escolar-2017-2018-150x150.png\" class=\"post-list-thumb wp-post-image\" alt=\"\" loading=\"lazy\" srcset=\"https:\/\/www.lasallechihuahua.edu.mx\/wordpress\/wp-content\/uploads\/2017\/06\/Icono-Calendario-Escolar-2017-2018-150x150.png 150w, https:\/\/www.lasallechihuahua.edu.mx\/wordpress\/wp-content\/uploads\/2017\/06\/Icono-Calendario-Escolar-2017-2018-60x60.png 60w, https:\/\/www.lasallechihuahua.edu.mx\/wordpress\/wp-content\/uploads\/2017\/06\/Icono-Calendario-Escolar-2017-2018.png 155w\" sizes=\"(max-width: 150px) 100vw, 150px\" \/><\/a>\n\t\t\t\t\t\t\t\t<\/div>\n\t\t\t\t\t\t\t\t\t\t\t\t\t\t<div class=\"data\">\n\t\t\t\t\t\t\t\t<h3>\n\t\t\t\t\t\t\t\t\t<a title=\"Calendario Escolar 2017-2018\"\n\t\t\t\t\t\t\t\t\t   href=\"https:\/\/www.lasallechihuahua.edu.mx\/wordpress\/2017\/06\/calendario-escolar-2017-2018\/\">\n\t\t\t\t\t\t\t\t\t\tCalendario Escolar 2017-2018\t\t\t\t\t\t\t\t\t<\/a>\n\t\t\t\t\t\t\t\t<\/h3>\n\n\t\t\t\t\t\t\t\t<div class=\"meta-data\">\n\t\t\t\t\t\t\t\t\t\t\t\t\t\t\t\t\t\t<span class=\"author\">\n\t\t\t\t                         <i class=\"icon-User2\"><\/i> by <a\n\t\t\t\t\t\t\t\t\t\t\thref=\"https:\/\/www.lasallechihuahua.edu.mx\/wordpress\/author\/mterrazas\/\">\n\t\t\t\t\t\t\t\t\t\t\tJ. Miguel\t\t\t\t\t\t\t\t\t\t<\/a>\n\t\t\t\t                    <\/span>\n\t\t\t\t\t\t\t\t<\/div>\n\t\t\t\t\t\t\t\t<div class=\"content\">\n\t\t\t\t\t\t\t\t\t\t\t\t\t\t\t\t\t\t<p>&nbsp; Estimados Padres de Familia: Acorde a los Lineamientos Normativos de la SEP para el&hellip;<\/p>\n\t\t\t\t\t\t\t\t<\/div>\n\t\t\t\t\t\t\t\t\t\t\t\t\t\t\t\t\t<a class=\"read-more\" href=\"https:\/\/www.lasallechihuahua.edu.mx\/wordpress\/2017\/06\/calendario-escolar-2017-2018\/\">Leer m\u00e1s<\/a>\n\t\t\t\t\t\t\t\t\t\t\t\t\t\t\t<\/div>\n\t\t\t\t\t\t<\/div>\n\n\t\t\t\t\t\t\t\t\t\t\t<div class=\"wh-padding item one third\">\n\t\t\t\t\t\t\t\t\t\t\t\t\t\t\t\t\t\t\t\t\t\t\t\t\t\t\t\t\t\t\t\t\t\t\t\t\t\t\t\t\t\t\t\t<div class=\"img-container\">\n\t\t\t\t\t\t\t\t\t<div class=\"date\">\n\t\t\t\t\t\t\t\t\t\t\t\t\t\t\t\t\t\t\t\t\t<div class=\"month\">\n\t\t\t\t\t\t\t\t\t\t\t\tJun\t\t\t\t\t\t\t\t\t\t\t<\/div>\n\t\t\t\t\t\t\t\t\t\t\t<div class=\"day\">\n\t\t\t\t\t\t\t\t\t\t\t\t02\t\t\t\t\t\t\t\t\t\t\t<\/div>\n\t\t\t\t\t\t\t\t\t\t\t\t\t\t\t\t\t\t\t<\/div>\n\t\t\t\t\t\t\t\t\t<a href=\"https:\/\/www.lasallechihuahua.edu.mx\/wordpress\/2017\/06\/examen-de-admision-2017\/\"\n\t\t\t\t\t\t\t\t\t   title=\"Examen de Admisi\u00f3n 2017\"><img width=\"150\" height=\"150\" src=\"https:\/\/www.lasallechihuahua.edu.mx\/wordpress\/wp-content\/uploads\/2017\/06\/Icono-Examen-de-Admision-150x150.png\" class=\"post-list-thumb wp-post-image\" alt=\"\" loading=\"lazy\" srcset=\"https:\/\/www.lasallechihuahua.edu.mx\/wordpress\/wp-content\/uploads\/2017\/06\/Icono-Examen-de-Admision-150x150.png 150w, https:\/\/www.lasallechihuahua.edu.mx\/wordpress\/wp-content\/uploads\/2017\/06\/Icono-Examen-de-Admision-60x60.png 60w, https:\/\/www.lasallechihuahua.edu.mx\/wordpress\/wp-content\/uploads\/2017\/06\/Icono-Examen-de-Admision.png 168w\" sizes=\"(max-width: 150px) 100vw, 150px\" \/><\/a>\n\t\t\t\t\t\t\t\t<\/div>\n\t\t\t\t\t\t\t\t\t\t\t\t\t\t<div class=\"data\">\n\t\t\t\t\t\t\t\t<h3>\n\t\t\t\t\t\t\t\t\t<a title=\"Examen de Admisi\u00f3n 2017\"\n\t\t\t\t\t\t\t\t\t   href=\"https:\/\/www.lasallechihuahua.edu.mx\/wordpress\/2017\/06\/examen-de-admision-2017\/\">\n\t\t\t\t\t\t\t\t\t\tExamen de Admisi\u00f3n 2017\t\t\t\t\t\t\t\t\t<\/a>\n\t\t\t\t\t\t\t\t<\/h3>\n\n\t\t\t\t\t\t\t\t<div class=\"meta-data\">\n\t\t\t\t\t\t\t\t\t\t\t\t\t\t\t\t\t\t<span class=\"author\">\n\t\t\t\t                         <i class=\"icon-User2\"><\/i> by <a\n\t\t\t\t\t\t\t\t\t\t\thref=\"https:\/\/www.lasallechihuahua.edu.mx\/wordpress\/author\/mterrazas\/\">\n\t\t\t\t\t\t\t\t\t\t\tJ. Miguel\t\t\t\t\t\t\t\t\t\t<\/a>\n\t\t\t\t                    <\/span>\n\t\t\t\t\t\t\t\t<\/div>\n\t\t\t\t\t\t\t\t<div class=\"content\">\n\t\t\t\t\t\t\t\t\t\t\t\t\t\t\t\t\t\t<p>El Instituto la Salle de Chihuahua aplicar\u00e1 Ex\u00e1menes de Admisi\u00f3n, el pr\u00f3ximo viernes 23 de&hellip;<\/p>\n\t\t\t\t\t\t\t\t<\/div>\n\t\t\t\t\t\t\t\t\t\t\t\t\t\t\t\t\t<a class=\"read-more\" href=\"https:\/\/www.lasallechihuahua.edu.mx\/wordpress\/2017\/06\/examen-de-admision-2017\/\">Leer m\u00e1s<\/a>\n\t\t\t\t\t\t\t\t\t\t\t\t\t\t\t<\/div>\n\t\t\t\t\t\t<\/div>\n\n\t\t\t\t\t\t\t\t\t\t\t<div class=\"wh-padding item one third\">\n\t\t\t\t\t\t\t\t\t\t\t\t\t\t\t\t\t\t\t\t\t\t\t\t\t\t\t\t\t\t\t\t\t\t\t\t\t\t\t\t\t\t\t\t<div class=\"img-container\">\n\t\t\t\t\t\t\t\t\t<div class=\"date\">\n\t\t\t\t\t\t\t\t\t\t\t\t\t\t\t\t\t\t\t\t\t<div class=\"month\">\n\t\t\t\t\t\t\t\t\t\t\t\tMar\t\t\t\t\t\t\t\t\t\t\t<\/div>\n\t\t\t\t\t\t\t\t\t\t\t<div class=\"day\">\n\t\t\t\t\t\t\t\t\t\t\t\t14\t\t\t\t\t\t\t\t\t\t\t<\/div>\n\t\t\t\t\t\t\t\t\t\t\t\t\t\t\t\t\t\t\t<\/div>\n\t\t\t\t\t\t\t\t\t<a href=\"https:\/\/www.lasallechihuahua.edu.mx\/wordpress\/2017\/03\/liga-de-tochito-la-salle\/\"\n\t\t\t\t\t\t\t\t\t   title=\"Liga de Tochito La Salle\"><img width=\"150\" height=\"150\" src=\"https:\/\/www.lasallechihuahua.edu.mx\/wordpress\/wp-content\/uploads\/2017\/03\/Liga-Tochito-Logotipo-150x150.png\" class=\"post-list-thumb wp-post-image\" alt=\"\" loading=\"lazy\" srcset=\"https:\/\/www.lasallechihuahua.edu.mx\/wordpress\/wp-content\/uploads\/2017\/03\/Liga-Tochito-Logotipo-150x150.png 150w, https:\/\/www.lasallechihuahua.edu.mx\/wordpress\/wp-content\/uploads\/2017\/03\/Liga-Tochito-Logotipo-60x60.png 60w\" sizes=\"(max-width: 150px) 100vw, 150px\" \/><\/a>\n\t\t\t\t\t\t\t\t<\/div>\n\t\t\t\t\t\t\t\t\t\t\t\t\t\t<div class=\"data\">\n\t\t\t\t\t\t\t\t<h3>\n\t\t\t\t\t\t\t\t\t<a title=\"Liga de Tochito La Salle\"\n\t\t\t\t\t\t\t\t\t   href=\"https:\/\/www.lasallechihuahua.edu.mx\/wordpress\/2017\/03\/liga-de-tochito-la-salle\/\">\n\t\t\t\t\t\t\t\t\t\tLiga de Tochito La Salle\t\t\t\t\t\t\t\t\t<\/a>\n\t\t\t\t\t\t\t\t<\/h3>\n\n\t\t\t\t\t\t\t\t<div class=\"meta-data\">\n\t\t\t\t\t\t\t\t\t\t\t\t\t\t\t\t\t\t<span class=\"author\">\n\t\t\t\t                         <i class=\"icon-User2\"><\/i> by <a\n\t\t\t\t\t\t\t\t\t\t\thref=\"https:\/\/www.lasallechihuahua.edu.mx\/wordpress\/author\/mterrazas\/\">\n\t\t\t\t\t\t\t\t\t\t\tJ. Miguel\t\t\t\t\t\t\t\t\t\t<\/a>\n\t\t\t\t                    <\/span>\n\t\t\t\t\t\t\t\t<\/div>\n\t\t\t\t\t\t\t\t<div class=\"content\">\n\t\t\t\t\t\t\t\t\t\t\t\t\t\t\t\t\t\t<p>El Instituto la Salle de Chihuahua A.C. crea la Liga de Tochito\u00a0con la finalidad de&hellip;<\/p>\n\t\t\t\t\t\t\t\t<\/div>\n\t\t\t\t\t\t\t\t\t\t\t\t\t\t\t\t\t<a class=\"read-more\" href=\"https:\/\/www.lasallechihuahua.edu.mx\/wordpress\/2017\/03\/liga-de-tochito-la-salle\/\">Leer m\u00e1s<\/a>\n\t\t\t\t\t\t\t\t\t\t\t\t\t\t\t<\/div>\n\t\t\t\t\t\t<\/div>\n\n\t\t\t\t\t\t\t\t\t<\/div>\n\t\t\t\t\t\t\t<div class=\"vc_row\">\n\t\t\t\t\t\t\t\t\t\t\t<div class=\"wh-padding item one third\">\n\t\t\t\t\t\t\t\t\t\t\t\t\t\t\t\t\t\t\t\t\t\t\t\t\t\t\t\t\t\t\t\t\t\t\t\t\t\t\t\t\t\t\t\t<div class=\"img-container\">\n\t\t\t\t\t\t\t\t\t<div class=\"date\">\n\t\t\t\t\t\t\t\t\t\t\t\t\t\t\t\t\t\t\t\t\t<div class=\"month\">\n\t\t\t\t\t\t\t\t\t\t\t\tMar\t\t\t\t\t\t\t\t\t\t\t<\/div>\n\t\t\t\t\t\t\t\t\t\t\t<div class=\"day\">\n\t\t\t\t\t\t\t\t\t\t\t\t13\t\t\t\t\t\t\t\t\t\t\t<\/div>\n\t\t\t\t\t\t\t\t\t\t\t\t\t\t\t\t\t\t\t<\/div>\n\t\t\t\t\t\t\t\t\t<a href=\"https:\/\/www.lasallechihuahua.edu.mx\/wordpress\/2017\/03\/liga-de-basquetbol-la-salle\/\"\n\t\t\t\t\t\t\t\t\t   title=\"Liga de Basquetbol La Salle\"><img width=\"150\" height=\"150\" src=\"https:\/\/www.lasallechihuahua.edu.mx\/wordpress\/wp-content\/uploads\/2017\/03\/Liga-Basquetbol-Logotipo-150x150.png\" class=\"post-list-thumb wp-post-image\" alt=\"\" loading=\"lazy\" srcset=\"https:\/\/www.lasallechihuahua.edu.mx\/wordpress\/wp-content\/uploads\/2017\/03\/Liga-Basquetbol-Logotipo-150x150.png 150w, https:\/\/www.lasallechihuahua.edu.mx\/wordpress\/wp-content\/uploads\/2017\/03\/Liga-Basquetbol-Logotipo-60x60.png 60w\" sizes=\"(max-width: 150px) 100vw, 150px\" \/><\/a>\n\t\t\t\t\t\t\t\t<\/div>\n\t\t\t\t\t\t\t\t\t\t\t\t\t\t<div class=\"data\">\n\t\t\t\t\t\t\t\t<h3>\n\t\t\t\t\t\t\t\t\t<a title=\"Liga de Basquetbol La Salle\"\n\t\t\t\t\t\t\t\t\t   href=\"https:\/\/www.lasallechihuahua.edu.mx\/wordpress\/2017\/03\/liga-de-basquetbol-la-salle\/\">\n\t\t\t\t\t\t\t\t\t\tLiga de Basquetbol La Salle\t\t\t\t\t\t\t\t\t<\/a>\n\t\t\t\t\t\t\t\t<\/h3>\n\n\t\t\t\t\t\t\t\t<div class=\"meta-data\">\n\t\t\t\t\t\t\t\t\t\t\t\t\t\t\t\t\t\t<span class=\"author\">\n\t\t\t\t                         <i class=\"icon-User2\"><\/i> by <a\n\t\t\t\t\t\t\t\t\t\t\thref=\"https:\/\/www.lasallechihuahua.edu.mx\/wordpress\/author\/mterrazas\/\">\n\t\t\t\t\t\t\t\t\t\t\tJ. Miguel\t\t\t\t\t\t\t\t\t\t<\/a>\n\t\t\t\t                    <\/span>\n\t\t\t\t\t\t\t\t<\/div>\n\t\t\t\t\t\t\t\t<div class=\"content\">\n\t\t\t\t\t\t\t\t\t\t\t\t\t\t\t\t\t\t<p>Documentos Convocatoria Reglamento Rol de Juegos Resultados y Estadisticas<\/p>\n\t\t\t\t\t\t\t\t<\/div>\n\t\t\t\t\t\t\t\t\t\t\t\t\t\t\t\t\t<a class=\"read-more\" href=\"https:\/\/www.lasallechihuahua.edu.mx\/wordpress\/2017\/03\/liga-de-basquetbol-la-salle\/\">Leer m\u00e1s<\/a>\n\t\t\t\t\t\t\t\t\t\t\t\t\t\t\t<\/div>\n\t\t\t\t\t\t<\/div>\n\n\t\t\t\t\t\t\t\t\t\t\t<div class=\"wh-padding item one third\">\n\t\t\t\t\t\t\t\t\t\t\t\t\t\t\t\t\t\t\t\t\t\t\t\t\t\t\t\t<div class=\"data\">\n\t\t\t\t\t\t\t\t<h3>\n\t\t\t\t\t\t\t\t\t<a title=\"Educaci\u00f3n F\u00edsica y Deportes\"\n\t\t\t\t\t\t\t\t\t   href=\"https:\/\/www.lasallechihuahua.edu.mx\/wordpress\/2017\/03\/educacion-fisica-y-deportes\/\">\n\t\t\t\t\t\t\t\t\t\tEducaci\u00f3n F\u00edsica y Deportes\t\t\t\t\t\t\t\t\t<\/a>\n\t\t\t\t\t\t\t\t<\/h3>\n\n\t\t\t\t\t\t\t\t<div class=\"meta-data\">\n\t\t\t\t\t\t\t\t\t\t\t\t\t\t\t\t\t\t<span class=\"author\">\n\t\t\t\t                         <i class=\"icon-User2\"><\/i> by <a\n\t\t\t\t\t\t\t\t\t\t\thref=\"https:\/\/www.lasallechihuahua.edu.mx\/wordpress\/author\/mterrazas\/\">\n\t\t\t\t\t\t\t\t\t\t\tJ. Miguel\t\t\t\t\t\t\t\t\t\t<\/a>\n\t\t\t\t                    <\/span>\n\t\t\t\t\t\t\t\t<\/div>\n\t\t\t\t\t\t\t\t<div class=\"content\">\n\t\t\t\t\t\t\t\t\t\t\t\t\t\t\t\t\t\t<p>&nbsp; &nbsp; Liga de Basquetbol \"La Salle\" Liga de Tochito \"La Salle\"<\/p>\n\t\t\t\t\t\t\t\t<\/div>\n\t\t\t\t\t\t\t\t\t\t\t\t\t\t\t\t\t<a class=\"read-more\" href=\"https:\/\/www.lasallechihuahua.edu.mx\/wordpress\/2017\/03\/educacion-fisica-y-deportes\/\">Leer m\u00e1s<\/a>\n\t\t\t\t\t\t\t\t\t\t\t\t\t\t\t<\/div>\n\t\t\t\t\t\t<\/div>\n\n\t\t\t\t\t\t\t\t\t\t\t<div class=\"wh-padding item one third\">\n\t\t\t\t\t\t\t\t\t\t\t\t\t\t\t\t\t\t\t\t\t\t\t\t\t\t\t\t<div class=\"data\">\n\t\t\t\t\t\t\t\t<h3>\n\t\t\t\t\t\t\t\t\t<a title=\"Copa La Salle 2017 - Roles de Juego\"\n\t\t\t\t\t\t\t\t\t   href=\"https:\/\/www.lasallechihuahua.edu.mx\/wordpress\/2017\/02\/copa-la-salle-2017-roles-de-juego\/\">\n\t\t\t\t\t\t\t\t\t\tCopa La Salle 2017 - Roles de Juego\t\t\t\t\t\t\t\t\t<\/a>\n\t\t\t\t\t\t\t\t<\/h3>\n\n\t\t\t\t\t\t\t\t<div class=\"meta-data\">\n\t\t\t\t\t\t\t\t\t\t\t\t\t\t\t\t\t\t<span class=\"author\">\n\t\t\t\t                         <i class=\"icon-User2\"><\/i> by <a\n\t\t\t\t\t\t\t\t\t\t\thref=\"https:\/\/www.lasallechihuahua.edu.mx\/wordpress\/author\/mterrazas\/\">\n\t\t\t\t\t\t\t\t\t\t\tJ. Miguel\t\t\t\t\t\t\t\t\t\t<\/a>\n\t\t\t\t                    <\/span>\n\t\t\t\t\t\t\t\t<\/div>\n\t\t\t\t\t\t\t\t<div class=\"content\">\n\t\t\t\t\t\t\t\t\t\t\t\t\t\t\t\t\t\t<p>Para descargar los Roles de Juego hacer clic sobre el nombre que desees descargar: Rol&hellip;<\/p>\n\t\t\t\t\t\t\t\t<\/div>\n\t\t\t\t\t\t\t\t\t\t\t\t\t\t\t\t\t<a class=\"read-more\" href=\"https:\/\/www.lasallechihuahua.edu.mx\/wordpress\/2017\/02\/copa-la-salle-2017-roles-de-juego\/\">Leer m\u00e1s<\/a>\n\t\t\t\t\t\t\t\t\t\t\t\t\t\t\t<\/div>\n\t\t\t\t\t\t<\/div>\n\n\t\t\t\t\t\t\t\t\t<\/div>\n\t\t\t\t\t\t\t\t<\/div>\n\n\t\t[\/vc_column][\/vc_row][vc_row][vc_column width=&#8221;1\/4&#8243;][vc_single_image][\/vc_column][vc_column width=&#8221;1\/4&#8243;][vc_single_image][\/vc_column][vc_column width=&#8221;1\/4&#8243;][vc_single_image][\/vc_column][vc_column width=&#8221;1\/4&#8243;][vc_single_image][\/vc_column][\/vc_row][vc_row][vc_column width=&#8221;1\/3&#8243;][vc_cta h2=&#8221;Calendario Escolar&#8221; h2_use_theme_fonts=&#8221;yes&#8221; h2_css_animation=&#8221;fadeIn&#8221; style=&#8221;outline&#8221; add_icon=&#8221;left&#8221; i_icon_fontawesome=&#8221;fa fa-calendar&#8221; i_css_animation=&#8221;bounceIn&#8221; use_custom_fonts_h2=&#8221;true&#8221; i_link=&#8221;url:http%3A%2F%2Fwww.lasallechihuahua.edu.mx%2Fwordpress%2Fcalendario%2F||target:%20_blank|&#8221; h2_link=&#8221;url:http%3A%2F%2Fwww.lasallechihuahua.edu.mx%2Fwordpress%2Fcalendario%2F||target:%20_blank|&#8221;]Programaci\u00f3n escolar[\/vc_cta][\/vc_column][vc_column width=&#8221;1\/3&#8243;][vc_cta h2=&#8221;Curricula&#8221; txt_align=&#8221;center&#8221; style=&#8221;outline&#8221; add_icon=&#8221;left&#8221; i_icon_fontawesome=&#8221;fa fa-pencil-square-o&#8221;]Asignaturas por grado[\/vc_cta][\/vc_column][vc_column width=&#8221;1\/3&#8243;][vc_cta h2=&#8221;Inscripciones&#8221; style=&#8221;outline&#8221; add_icon=&#8221;left&#8221; i_icon_fontawesome=&#8221;fa fa-user-circle&#8221; i_css_animation=&#8221;bounceIn&#8221; i_link=&#8221;url:http%3A%2F%2Fwww.lasallechihuahua.edu.mx%2Fwordpress%2Finformacion%2Fpreinscripciones%2F||target:%20_blank|&#8221;]Requisitos y formas de inscripci\u00f3n[\/vc_cta][\/vc_column][\/vc_row][vc_row][vc_column width=&#8221;1\/4&#8243;][vc_single_image][\/vc_column][vc_column width=&#8221;1\/4&#8243;][vc_single_image][\/vc_column][vc_column width=&#8221;1\/4&#8243;][vc_single_image][\/vc_column][vc_column width=&#8221;1\/4&#8243;][vc_single_image][\/vc_column][\/vc_row]<\/p>\n","protected":false},"excerpt":{"rendered":"<p>[vc_row][vc_column][layerslider_vc id=&#8221;0&#8243;][\/vc_column][\/vc_row][vc_row][vc_column][\/vc_column][\/vc_row][vc_row][vc_column width=&#8221;1\/4&#8243;][vc_single_image][\/vc_column][vc_column width=&#8221;1\/4&#8243;][vc_single_image][\/vc_column][vc_column width=&#8221;1\/4&#8243;][vc_single_image][\/vc_column][vc_column width=&#8221;1\/4&#8243;][vc_single_image][\/vc_column][\/vc_row][vc_row][vc_column width=&#8221;1\/3&#8243;][vc_cta h2=&#8221;Calendario Escolar&#8221; h2_use_theme_fonts=&#8221;yes&#8221; h2_css_animation=&#8221;fadeIn&#8221; style=&#8221;outline&#8221; add_icon=&#8221;left&#8221; i_icon_fontawesome=&#8221;fa fa-calendar&#8221; i_css_animation=&#8221;bounceIn&#8221; use_custom_fonts_h2=&#8221;true&#8221; i_link=&#8221;url:http%3A%2F%2Fwww.lasallechihuahua.edu.mx%2Fwordpress%2Fcalendario%2F||target:%20_blank|&#8221; h2_link=&#8221;url:http%3A%2F%2Fwww.lasallechihuahua.edu.mx%2Fwordpress%2Fcalendario%2F||target:%20_blank|&#8221;]Programaci\u00f3n escolar[\/vc_cta][\/vc_column][vc_column width=&#8221;1\/3&#8243;][vc_cta h2=&#8221;Curricula&#8221; txt_align=&#8221;center&#8221; style=&#8221;outline&#8221; add_icon=&#8221;left&#8221; i_icon_fontawesome=&#8221;fa fa-pencil-square-o&#8221;]Asignaturas por grado[\/vc_cta][\/vc_column][vc_column width=&#8221;1\/3&#8243;][vc_cta h2=&#8221;Inscripciones&#8221; style=&#8221;outline&#8221; add_icon=&#8221;left&#8221; i_icon_fontawesome=&#8221;fa fa-user-circle&#8221; i_css_animation=&#8221;bounceIn&#8221; i_link=&#8221;url:http%3A%2F%2Fwww.lasallechihuahua.edu.mx%2Fwordpress%2Finformacion%2Fpreinscripciones%2F||target:%20_blank|&#8221;]Requisitos y formas de inscripci\u00f3n[\/vc_cta][\/vc_column][\/vc_row][vc_row][vc_column width=&#8221;1\/4&#8243;][vc_single_image][\/vc_column][vc_column width=&#8221;1\/4&#8243;][vc_single_image][\/vc_column][vc_column width=&#8221;1\/4&#8243;][vc_single_image][\/vc_column][vc_column width=&#8221;1\/4&#8243;][vc_single_image][\/vc_column][\/vc_row]<\/p>\n","protected":false},"author":1,"featured_media":0,"parent":0,"menu_order":0,"comment_status":"closed","ping_status":"closed","template":"template-home.php","meta":[],"_links":{"self":[{"href":"https:\/\/www.lasallechihuahua.edu.mx\/wordpress\/wp-json\/wp\/v2\/pages\/9"}],"collection":[{"href":"https:\/\/www.lasallechihuahua.edu.mx\/wordpress\/wp-json\/wp\/v2\/pages"}],"about":[{"href":"https:\/\/www.lasallechihuahua.edu.mx\/wordpress\/wp-json\/wp\/v2\/types\/page"}],"author":[{"embeddable":true,"href":"https:\/\/www.lasallechihuahua.edu.mx\/wordpress\/wp-json\/wp\/v2\/users\/1"}],"replies":[{"embeddable":true,"href":"https:\/\/www.lasallechihuahua.edu.mx\/wordpress\/wp-json\/wp\/v2\/comments?post=9"}],"version-history":[{"count":28,"href":"https:\/\/www.lasallechihuahua.edu.mx\/wordpress\/wp-json\/wp\/v2\/pages\/9\/revisions"}],"predecessor-version":[{"id":2932,"href":"https:\/\/www.lasallechihuahua.edu.mx\/wordpress\/wp-json\/wp\/v2\/pages\/9\/revisions\/2932"}],"wp:attachment":[{"href":"https:\/\/www.lasallechihuahua.edu.mx\/wordpress\/wp-json\/wp\/v2\/media?parent=9"}],"curies":[{"name":"wp","href":"https:\/\/api.w.org\/{rel}","templated":true}]}}