{"id":842,"date":"2014-11-21T11:21:14","date_gmt":"2014-11-21T18:21:14","guid":{"rendered":"http:\/\/www.lasallechihuahua.edu.mx\/wordpress\/?page_id=842"},"modified":"2018-10-02T19:27:07","modified_gmt":"2018-10-03T01:27:07","slug":"documentos","status":"publish","type":"page","link":"https:\/\/www.lasallechihuahua.edu.mx\/wordpress\/secciones\/pastoral\/documentos\/","title":{"rendered":"Documentos"},"content":{"rendered":"<div class=\"gdl-page-item\">\n<div class=\"sixteen columns mb20\">\n<div class=\"gdl-page-content\">\n<p>Bienvenido\u2026<br \/>\nPonemos a tu disposici\u00f3n en este portal algunos documentos que pueden ser de utilidad para tu crecimiento espiritual.<br \/>\nHaz clic en el documento para descargarlo.<br \/>\nLos documentos suele ser archivos pesados, por lo que le pedimos paciencia al descargarlo.<\/p>\n<p>&nbsp;<\/p>\n<ul>\n<li><a href=\"https:\/\/www.lasallechihuahua.edu.mx\/wordpress\/wp-content\/uploads\/2015\/03\/VayanyEnsenenSM.pdf\" target=\"_blank\" rel=\"noopener\">Vayan y Ense\u00f1en<\/a><\/li>\n<li><a href=\"https:\/\/www.lasallechihuahua.edu.mx\/wordpress\/wp-content\/uploads\/2016\/02\/Celebraci\u00f3n-para-el-mierc-ceniza-ni\u00f1os-2016.pdf\" target=\"_blank\" rel=\"noopener\">Mi\u00e9rcoles de Ceniza para Ni\u00f1os<\/a><\/li>\n<li><a href=\"https:\/\/www.lasallechihuahua.edu.mx\/wordpress\/wp-content\/uploads\/2016\/02\/Celebraci\u00f3n-miercoles-de-ceniza-Sec-y-Prepa-2016.pdf\" target=\"_blank\" rel=\"noopener\">Mi\u00e9rcoles de Ceniza para Secundaria y Preparatoria<\/a><\/li>\n<li><a href=\"https:\/\/www.lasallechihuahua.edu.mx\/wordpress\/wp-content\/uploads\/2016\/02\/Camino_Cuaresma_2016_Pre_Pri.pdf\" target=\"_blank\" rel=\"noopener\">Camino de Cuaresma Preescolar y Primaria<\/a><\/li>\n<li><a href=\"https:\/\/www.lasallechihuahua.edu.mx\/wordpress\/wp-content\/uploads\/2016\/02\/Camino_Cuaresma_2016_Sec_Prepa.pdf\" target=\"_blank\" rel=\"noopener\">Camino de Cuaresma Secundaria y Preparatoria<\/a><\/li>\n<li>Exhortaciones Apost\u00f3licas\n<ul>\n<li><a href=\"https:\/\/www.lasallechihuahua.edu.mx\/wordpress\/wp-content\/uploads\/2016\/08\/papa-francesco_esortazione-ap_20160319_amoris-laetitia_sp.pdf\" target=\"_blank\" rel=\"noopener\"><em>Amoris laetitia<\/em>: Exhortaci\u00f3n Apost\u00f3lica sobre el amor en la familia (19 de marzo de 2016)<\/a><\/li>\n<li><a href=\"https:\/\/www.lasallechihuahua.edu.mx\/wordpress\/wp-content\/uploads\/2016\/08\/papa-francesco_esortazione-ap_20131124_evangelii-gaudium_sp.pdf\" target=\"_blank\" rel=\"noopener\"><em>Evangelii Gaudium<\/em>: Exhortaci\u00f3n Apost\u00f3lica sobre el anuncio del Evangelio en el mundo actual (24 de noviembre de 2013)<\/a><\/li>\n<\/ul>\n<\/li>\n<li>Enc\u00edclicas\n<ul>\n<li><a href=\"https:\/\/www.lasallechihuahua.edu.mx\/wordpress\/wp-content\/uploads\/2016\/08\/papa-francesco_20150524_enciclica-laudato-si.pdf\" target=\"_blank\" rel=\"noopener\">Laudato si&#8217; (24 de mayo de 2015)<\/a><\/li>\n<li><a href=\"https:\/\/www.lasallechihuahua.edu.mx\/wordpress\/wp-content\/uploads\/2016\/08\/papa-francesco_20130629_enciclica-lumen-fidei.pdf\" target=\"_blank\" rel=\"noopener\">Lumen Fidei (29 de junio de 2013)<\/a><\/li>\n<\/ul>\n<\/li>\n<\/ul>\n<\/div>\n<ul>\n<li>Biograf\u00eda de San Juan Bautista de la Salle<strong>:<\/strong>\n<ul>\n<li><a href=\"https:\/\/goo.gl\/i24QW9\" target=\"_blank\" rel=\"noopener\"><strong>EPUB -CAMINANDO JUNTOS\u00a0<\/strong><br \/>\nLa vida de La Salle a trav\u00e9s de la mirada de Jean Jacquot<\/a><\/li>\n<li><a href=\"https:\/\/goo.gl\/NDYLMN\" target=\"_blank\" rel=\"noopener\"><strong>PDF -CAMINANDO JUNTOS\u00a0<\/strong><br \/>\nLa vida de La Salle a trav\u00e9s de la mirada de Jean Jacquot<\/a><\/li>\n<\/ul>\n<\/li>\n<\/ul>\n<\/div>\n<\/div>\n<div class=\"gdl-page-item\">\n<div class=\"sixteen columns mb20\">\n<div class=\"gdl-page-content\">\n<p>&nbsp;<\/p>\n<p>&nbsp;<\/p>\n<\/div>\n<\/div>\n<\/div>\n","protected":false},"excerpt":{"rendered":"<p>Bienvenido\u2026 Ponemos a tu disposici\u00f3n en este portal algunos documentos que pueden ser de utilidad para tu crecimiento espiritual. Haz clic en el documento para descargarlo. Los documentos suele ser archivos pesados, por lo que le pedimos paciencia al descargarlo. &nbsp; Vayan y Ense\u00f1en Mi\u00e9rcoles de Ceniza para Ni\u00f1os Mi\u00e9rcoles de Ceniza para Secundaria y Preparatoria Camino de Cuaresma Preescolar&nbsp;<a href=\"https:\/\/www.lasallechihuahua.edu.mx\/wordpress\/secciones\/pastoral\/documentos\/\">[&hellip;]<\/a><\/p>\n","protected":false},"author":3,"featured_media":0,"parent":700,"menu_order":0,"comment_status":"closed","ping_status":"open","template":"","meta":[],"_links":{"self":[{"href":"https:\/\/www.lasallechihuahua.edu.mx\/wordpress\/wp-json\/wp\/v2\/pages\/842"}],"collection":[{"href":"https:\/\/www.lasallechihuahua.edu.mx\/wordpress\/wp-json\/wp\/v2\/pages"}],"about":[{"href":"https:\/\/www.lasallechihuahua.edu.mx\/wordpress\/wp-json\/wp\/v2\/types\/page"}],"author":[{"embeddable":true,"href":"https:\/\/www.lasallechihuahua.edu.mx\/wordpress\/wp-json\/wp\/v2\/users\/3"}],"replies":[{"embeddable":true,"href":"https:\/\/www.lasallechihuahua.edu.mx\/wordpress\/wp-json\/wp\/v2\/comments?post=842"}],"version-history":[{"count":28,"href":"https:\/\/www.lasallechihuahua.edu.mx\/wordpress\/wp-json\/wp\/v2\/pages\/842\/revisions"}],"predecessor-version":[{"id":3379,"href":"https:\/\/www.lasallechihuahua.edu.mx\/wordpress\/wp-json\/wp\/v2\/pages\/842\/revisions\/3379"}],"up":[{"embeddable":true,"href":"https:\/\/www.lasallechihuahua.edu.mx\/wordpress\/wp-json\/wp\/v2\/pages\/700"}],"wp:attachment":[{"href":"https:\/\/www.lasallechihuahua.edu.mx\/wordpress\/wp-json\/wp\/v2\/media?parent=842"}],"curies":[{"name":"wp","href":"https:\/\/api.w.org\/{rel}","templated":true}]}}