{"id":7471,"date":"2021-11-04T09:41:24","date_gmt":"2021-11-04T16:41:24","guid":{"rendered":"http:\/\/www.lasallechihuahua.edu.mx\/wordpress\/?page_id=7471"},"modified":"2021-11-04T10:05:09","modified_gmt":"2021-11-04T17:05:09","slug":"idiomas","status":"publish","type":"page","link":"https:\/\/www.lasallechihuahua.edu.mx\/wordpress\/idiomas\/","title":{"rendered":"Idiomas e Interculturalidad"},"content":{"rendered":"<p>[vc_row][vc_column][vc_custom_heading text=&#8221;\u00bfQu\u00e9 ofrecemos?&#8221; font_container=&#8221;tag:h2|text_align:center&#8221; google_fonts=&#8221;font_family:ABeeZee%3Aregular%2Citalic|font_style:400%20regular%3A400%3Anormal&#8221;][\/vc_column][\/vc_row][vc_row][vc_column width=&#8221;1\/2&#8243;][vc_custom_heading text=&#8221;Preescolar&#8221;][vc_column_text]<\/p>\n<p style=\"text-align: center;\"><strong><em>Show and Tell 1-3. Editorial: Oxford University Press<\/em><\/strong><\/p>\n<p>Centrado en un enfoque basado en la investigaci\u00f3n, este curso de tres niveles equipa a los estudiantes con las habilidades de comunicaci\u00f3n y pensamiento que necesitan para hacer una transici\u00f3n sin problemas a la escuela primaria.[\/vc_column_text][vc_custom_heading text=&#8221;&#8220;Creando j\u00f3venes pensadores con grandes futuros&#8220;&#8221; font_container=&#8221;tag:h1|text_align:center&#8221; google_fonts=&#8221;font_family:Allura%3Aregular|font_style:400%20regular%3A400%3Anormal&#8221;][vc_column_text]Metodolog\u00eda \u00fanica que combina un enfoque nativo de aprendizaje basado en la indagaci\u00f3n con una gram\u00e1tica y habilidades controladas. Aprovecha la curiosidad natural de los ni\u00f1os. Las actividades animan a los ni\u00f1os a explorar mientras aprenden el idioma que necesitan para pensar y hablar sobre \u00e9l. Los proyectos de clase al final de la unidad consolidan el aprendizaje y alientan a los ni\u00f1os a trabajar de forma colaborativa.[\/vc_column_text][vc_single_image image=&#8221;7473&#8243; alignment=&#8221;center&#8221;][\/vc_column][vc_column width=&#8221;1\/2&#8243;][vc_custom_heading text=&#8221;Primaria&#8221;][vc_column_text]<\/p>\n<p style=\"text-align: center;\"><strong><em>Oxford Bright Ideas and Oxford Science &nbsp;1-6. Editorial: Oxford University Press<\/em><\/strong><\/p>\n<p>Con un fuerte enfoque en el desarrollo de las habilidades de lectura y escritura a trav\u00e9s del aprendizaje interactivo, Bright Ideas ofrece un amplio apoyo para ex\u00e1menes y alfabetizaci\u00f3n con un contenido innovador y temas familiares.<\/p>\n<p>Usando &#8216;Grandes preguntas&#8217; (Big Questions) para desafiar a los estudiantes y promover el desarrollo de habilidades del siglo XXI en \u00e1reas como el pensamiento cr\u00edtico. El curso vincula el aula con el &#8216;mundo real&#8217; y fomenta el intercambio de ideas a trav\u00e9s de la comunicaci\u00f3n y la colaboraci\u00f3n.<\/p>\n<p>El paquete integral de recursos impresos y digitales integrados desaf\u00eda los m\u00e9todos tradicionales de aprendizaje con nuevos y emocionantes recursos y actividades que se adaptan a todas las situaciones de ense\u00f1anza.<\/p>\n<p>Oxford Discover Science es una serie de ciencias naturales con seis niveles en ingl\u00e9s americano para estudiantes de primaria.<\/p>\n<p>El principio rector de Oxford Discover Science es que la ciencia no es solo una colecci\u00f3n de hechos o procedimientos reservados para especialistas. M\u00e1s bien, la ciencia es un m\u00e9todo divertido y emocionante para comprender el mundo en el que vivimos.<\/p>\n<p style=\"text-align: center;\"><em>Certificamos a los alumnos de 6to de primaria(OxfordTCC)<\/em><\/p>\n<p>[\/vc_column_text][\/vc_column][\/vc_row][vc_row][vc_column width=&#8221;1\/2&#8243;][vc_custom_heading text=&#8221;Secundaria&#8221;][vc_column_text]<\/p>\n<p style=\"text-align: center;\"><em><strong>Uncover del 1 al 4. Editorial: Cambridge University Press<\/strong><\/em><\/p>\n<p>\u00a1Descubre un mundo completamente nuevo! Captivating&nbsp; video Discovery Education \u2122 y los fascinantes temas globales que atraen a los estudiantes adolescentes y adem\u00e1s les ayuda a despertar su curiosidad. Desarrollado en asociaci\u00f3n con Discovery Education \u2122, Uncover combina videos cautivadores y temas globales estimulantes para motivar a los estudiantes y despertar su curiosidad, fomentando experiencias de aprendizaje m\u00e1s significativas. Hasta cuatro videos en cada unidad hacen que el aprendizaje sea relevante y crean oportunidades para una comprensi\u00f3n m\u00e1s profunda. Las actividades guiadas paso a paso y las tareas de aprendizaje personalizadas conducen a una mayor fluidez al hablar y escribir en el idioma ingl\u00e9s. Tambi\u00e9n incluye actividades de pr\u00e1ctica en l\u00ednea adicionales y acceso a la plataforma Cambridge Learning Management.<\/p>\n<p>El aprendizaje del idioma ingl\u00e9s es por niveles(B\u00e1sico, intermedio y avanzado). Al inicio del curso escolar se aplica un examen de colocaci\u00f3n que permite obtener el nivel de adquisici\u00f3n y dominio del idioma de nuestros alumnos.<\/p>\n<p style=\"text-align: center;\"><em>Certificamos a los alumnos de 3ero de secundaria (OxfordTCC) <\/em><\/p>\n<p>[\/vc_column_text][\/vc_column][vc_column width=&#8221;1\/2&#8243;][vc_custom_heading text=&#8221;Preparatoria&#8221;][vc_column_text]<\/p>\n<p style=\"text-align: center;\"><strong><em>Oxford English File Pre-Intermediate, Intermediate, upper \u2013Itermediate and Advanced<\/em><\/strong><\/p>\n<p>Es un curso que desarrolla habilidades acad\u00e9micas por niveles que combina actividades cuidadosamente andamiadas, con un enfoque integral para el pensamiento cr\u00edtico.<\/p>\n<p>El curso ofrece desarrollo de habilidades espec\u00edficas para estudiantes en un contexto acad\u00e9mico, apoya a los estudiantes al brindarles las herramientas que necesitar\u00e1n para analizar informaci\u00f3n, generar ideas, formular sus propias opiniones y expresarse de manera efectiva en las cuatro habilidades comunicativas, acorde a los est\u00e1ndares se\u00f1alados por el Marco Com\u00fan Europeo de Referencia (MCER).<\/p>\n<p style=\"text-align: center;\"><strong><em>Keynote NatGeo: Keynote 4, Keynote Advanced and Keynote Proficient<\/em><\/strong><\/p>\n<p>Keynote invita a los estudiantes a explorar historias que cambian sus vidas para una comprensi\u00f3n m\u00e1s profunda del mundo, desarrollando la confianza y las habilidades necesarias para expresarse de manera adecuada y competente en ingl\u00e9s.<\/p>\n<p>Las charlas TED son atractivas y aut\u00e9nticas, con diferentes personas que se comunican de manera apasionada y persuasiva, brindan ideas inspiradoras y una fuente incomparable de lenguaje aut\u00e9ntico, impulsando un plan de estudios de habilidades integradas junto con los resultados del siglo XXI como la comunicaci\u00f3n, la colaboraci\u00f3n, la creatividad y el pensamiento cr\u00edtico.<\/p>\n<p>El contenido del mundo real presentado a trav\u00e9s de lecturas, infograf\u00edas y entrevistas motiva a los alumnos a involucrarse con el lenguaje de manera significativa.<\/p>\n<p>Las secciones de presentaci\u00f3n \u00fanicas basadas en las mejores pr\u00e1cticas demostradas por los oradores de TED ense\u00f1an estrategias transferibles que desarrollan fluidez, confianza y una entrega convincente.<\/p>\n<p>La ense\u00f1anza del Idioma est\u00e1 organizada por niveles de b\u00e1sico,&nbsp; intermedio y avanzado que favorecen la consolidaci\u00f3n y mejor aprovechamiento del idioma ingl\u00e9s de nuestros estudiantes.<\/p>\n<p>Certificamos a los alumnos de 6to semestre OxfordTCC<\/p>\n<p style=\"text-align: center;\"><strong><em>Franc\u00e9s &nbsp;&nbsp;&nbsp;\u00c0 la une 1 Livre de L\u00e9l\u00e8ve + cd (a la Une) (libro en Franc\u00e9s)<\/em><\/strong><\/p>\n<p>A LA UNE 1 es un m\u00e9todo franc\u00e9s completo y motivador, ideal para trabajar con adolescentes. Gracias a que se toman en cuenta los inter\u00e9s de los alumnos, permite un aprendizaje din\u00e1mico y facilita las interacciones dentro de la clase. Este m\u00e9todo ofrece: 8 unidades tem\u00e1ticas, cada una construida en torno a la vida de un adolescente franc\u00f3fono y su ciudad; 3 lecciones por unidad con muchas actividades breves, variadas y motivadoras; una gram\u00e1tica a doble p\u00e1gina por unidad para retomar los elementos cubiertos con ejercicios de sistematizaci\u00f3n y una gram\u00e1tica precisa al final del libro; un l\u00e9xico extendido con un mapa mental y ejercicios para ayudar al estudiante a memorizar el l\u00e9xico de la unidad; un enfoque verdaderamente orientado a la acci\u00f3n con 3 mini-proyectos creativos y un proyecto final por unidad que permiten una gran implicaci\u00f3n del alumno; conciencia de la cultura franc\u00f3fona y los valores c\u00edvicos con elementos de la vida diaria que se ofrecen en todas las unidades; un video por unidad, aut\u00e9ntico y moderno; actividades relacionadas con las Disciplinas No Ling\u00fc\u00edsticas (DNL); un CD de audio con todas las comprensiones orales del Student Book. Una gran cantidad de recursos adicionales disponibles en el espacio virtual: el manual y el cuaderno de trabajo en formato digital y 100% interactivo; la gu\u00eda del maestro; evaluaciones, 1 por unidad; videos acompa\u00f1ados de hojas de informaci\u00f3n instructivas; audios y correcciones.[\/vc_column_text][\/vc_column][\/vc_row][vc_row][vc_column][vc_column_text]<strong><em>Proyectos del Departamento de Idiomas por Secci\u00f3n<\/em><\/strong><\/p>\n<p><em>Durante el curso escolar 2020-2021 en coordinaci\u00f3n con las&nbsp; autoridades educativas de las secciones se llevan a cabo una serie de actividades con el principal objetivo de crear ambientes efectivos para poner en pr\u00e1ctica los conocimientos adquiridos del idioma ingl\u00e9s.<\/em><\/p>\n<ul>\n<li><em>Spelling Bee (primaria y secundaria)<\/em><\/li>\n<li><em>Open House (prescolar y primaria)<\/em><\/li>\n<li><em>Jeopardy(secundaria y preparatoria)<\/em><\/li>\n<li><em>English Exams: Vocabulary, grammar and listening.<\/em><\/li>\n<\/ul>\n<p><strong><em>&nbsp;<\/em><\/strong><\/p>\n<p><strong><em>&nbsp;<\/em><\/strong><\/p>\n<p><strong><em>Certificaciones<\/em><\/strong><\/p>\n<p><em>El Instituto la Salle de Chihuahua, promueve los ex\u00e1menes de certificaci\u00f3n en el idioma ingl\u00e9s como parte de la formaci\u00f3n acad\u00e9mica integral de los estudiantes.<\/em><\/p>\n<p><em>En la actualidad es fundamental para las ni\u00f1as y adolescentes tener un certificado de competencia en una lengua extranjera, especialmente ingl\u00e9s, puesto que eso aumentar\u00e1 sus posibilidades de conocer otras culturas y personas, tanto en ambientes acad\u00e9micos como sociales y, en un futuro, laborales.<\/em><\/p>\n<p><em>Las certificaciones son por parte de OxfordTCC<\/em>[\/vc_column_text][\/vc_column][\/vc_row]<\/p>\n","protected":false},"excerpt":{"rendered":"<p>[vc_row][vc_column][vc_custom_heading text=&#8221;\u00bfQu\u00e9 ofrecemos?&#8221; font_container=&#8221;tag:h2|text_align:center&#8221; google_fonts=&#8221;font_family:ABeeZee%3Aregular%2Citalic|font_style:400%20regular%3A400%3Anormal&#8221;][\/vc_column][\/vc_row][vc_row][vc_column width=&#8221;1\/2&#8243;][vc_custom_heading text=&#8221;Preescolar&#8221;][vc_column_text] Show and Tell 1-3. Editorial: Oxford University Press Centrado en un enfoque basado en la investigaci\u00f3n, este curso de tres niveles equipa a los estudiantes con las habilidades de comunicaci\u00f3n y pensamiento que necesitan para hacer una transici\u00f3n sin problemas a la escuela primaria.[\/vc_column_text][vc_custom_heading text=&#8221;&#8220;Creando j\u00f3venes pensadores con grandes futuros&#8220;&#8221; font_container=&#8221;tag:h1|text_align:center&#8221; google_fonts=&#8221;font_family:Allura%3Aregular|font_style:400%20regular%3A400%3Anormal&#8221;][vc_column_text]Metodolog\u00eda \u00fanica&nbsp;<a href=\"https:\/\/www.lasallechihuahua.edu.mx\/wordpress\/idiomas\/\">[&hellip;]<\/a><\/p>\n","protected":false},"author":2,"featured_media":0,"parent":0,"menu_order":0,"comment_status":"closed","ping_status":"closed","template":"","meta":[],"_links":{"self":[{"href":"https:\/\/www.lasallechihuahua.edu.mx\/wordpress\/wp-json\/wp\/v2\/pages\/7471"}],"collection":[{"href":"https:\/\/www.lasallechihuahua.edu.mx\/wordpress\/wp-json\/wp\/v2\/pages"}],"about":[{"href":"https:\/\/www.lasallechihuahua.edu.mx\/wordpress\/wp-json\/wp\/v2\/types\/page"}],"author":[{"embeddable":true,"href":"https:\/\/www.lasallechihuahua.edu.mx\/wordpress\/wp-json\/wp\/v2\/users\/2"}],"replies":[{"embeddable":true,"href":"https:\/\/www.lasallechihuahua.edu.mx\/wordpress\/wp-json\/wp\/v2\/comments?post=7471"}],"version-history":[{"count":5,"href":"https:\/\/www.lasallechihuahua.edu.mx\/wordpress\/wp-json\/wp\/v2\/pages\/7471\/revisions"}],"predecessor-version":[{"id":7478,"href":"https:\/\/www.lasallechihuahua.edu.mx\/wordpress\/wp-json\/wp\/v2\/pages\/7471\/revisions\/7478"}],"wp:attachment":[{"href":"https:\/\/www.lasallechihuahua.edu.mx\/wordpress\/wp-json\/wp\/v2\/media?parent=7471"}],"curies":[{"name":"wp","href":"https:\/\/api.w.org\/{rel}","templated":true}]}}