{"id":68,"date":"2014-01-14T14:38:40","date_gmt":"2014-01-14T21:38:40","guid":{"rendered":"http:\/\/www.lasallechihuahua.edu.mx.ws049.alentus.com\/portal\/wordpress\/?page_id=68"},"modified":"2025-12-10T13:13:13","modified_gmt":"2025-12-10T20:13:13","slug":"primaria","status":"publish","type":"page","link":"https:\/\/www.lasallechihuahua.edu.mx\/wordpress\/secciones\/primaria\/","title":{"rendered":"Primaria"},"content":{"rendered":"<p>[vc_row][vc_column][vc_column_text]<\/p>\n<address>La Primaria Lasallista promueve la formaci\u00f3n integral de los ni\u00f1os, especialmente de los m\u00e1s necesitados, ayud\u00e1ndoles a desarrollar las competencias que los capaciten para vivir felices y transformar su entorno, a trav\u00e9s de una educaci\u00f3n humana y cristiana fundamentada en el Evangelio y en el carisma de San Juan Bautista De La Salle.<\/address>\n<p>[\/vc_column_text][vc_row_inner][vc_column_inner width=&#8221;1\/6&#8243;]\n\t\t\t\t\t<a\n\t\t\t\thref=\"http:\/\/www.lasallechihuahua.edu.mx\/wordpress\/secciones\/primaria\/perfil-de-primaria\/\"\n\t\t\t\tclass=\"wh-theme-icon vc_custom_1537895378240\"\n\t\t\t\t\t\t\t\t\t\t\t\tstyle=\"font-size:65px;color:#31519c!important;\"\t\t\t\t><i class=\"icon-framed-portrait\" onMouseOver=\"this.style.color='#b4b7c1'\" onMouseOut=\"this.style.color='#31519c'\"><\/i><\/a>\n\t\t\n\t\t[vc_custom_heading text=&#8221;Perfil de Ingreso\/Egreso&#8221; font_container=&#8221;tag:h5|text_align:center|color:%23b4b7c1&#8243; link=&#8221;url:http%3A%2F%2Fwww.lasallechihuahua.edu.mx%2Fwordpress%2Fsecciones%2Fprimaria%2Fperfil-de-primaria%2F|||&#8221;][\/vc_column_inner][vc_column_inner width=&#8221;1\/6&#8243;]\n\t\t\t\t\t<a\n\t\t\t\thref=\"http:\/\/www.lasallechihuahua.edu.mx\/wordpress\/informacion\/admisiones\/\"\n\t\t\t\tclass=\"wh-theme-icon vc_custom_1537895924185\"\n\t\t\t\t\t\t\t\t\t\t\t\tstyle=\"font-size:65px;color:#31519c!important;\"\t\t\t\t><i class=\"icon-star-in-square\" onMouseOver=\"this.style.color='#b4b7c1'\" onMouseOut=\"this.style.color='#31519c'\"><\/i><\/a>\n\t\t\n\t\t[vc_custom_heading text=&#8221;Proceso de Admisiones&#8221; font_container=&#8221;tag:h5|text_align:center|color:%23b4b7c1&#8243; link=&#8221;url:http%3A%2F%2Fwww.lasallechihuahua.edu.mx%2Fwordpress%2Finformacion%2Fadmisiones%2F|||&#8221;][\/vc_column_inner][vc_column_inner width=&#8221;1\/6&#8243;]\n\t\t\t\t\t<a\n\t\t\t\thref=\"https:\/\/www.lasallechihuahua.edu.mx\/wordpress\/wp-content\/uploads\/2023\/01\/Seguro-de-Accidentes-Escolares-2023.pdf\"\n\t\t\t\tclass=\"wh-theme-icon vc_custom_1672852088660\"\n\t\t\t\t\t\t\t\t\t\t\t\t\ttarget=\" _blank\"\n\t\t\t\t\t\t\t\tstyle=\"font-size:65px;color:#31519c!important;\"\t\t\t\t><i class=\"icon-university-hospital\" onMouseOver=\"this.style.color='#b4b7c1'\" onMouseOut=\"this.style.color='#31519c'\"><\/i><\/a>\n\t\t\n\t\t[vc_custom_heading text=&#8221;Seguro de Accidentes Escolares&#8221; font_container=&#8221;tag:h5|text_align:center|color:%23b4b7c1&#8243; link=&#8221;url:https%3A%2F%2Fwww.lasallechihuahua.edu.mx%2Fwordpress%2Fwp-content%2Fuploads%2F2023%2F01%2FSeguro-de-Accidentes-Escolares-2023.pdf||target:%20_blank|&#8221;][\/vc_column_inner][\/vc_row_inner][vc_empty_space][vc_column_text]<strong><em>Informes Primaria<\/em><\/strong><\/p>\n<ul>\n<li>Tel\u00e9fono: 614 432 3900\u00a0 ext. 211<\/li>\n<\/ul>\n<ul>\n<li>Direcci\u00f3n: Ave. Polit\u00e9cnico Nacional 5100, Col. Lomas La Salle, Chihuahua, Chih., Mex., C.P. 31214<\/li>\n<\/ul>\n<p>&nbsp;<\/p>\n<p style=\"text-align: center;\"><em>Incorporado a Gobierno del Estado<\/em><br \/>\n<em>Clave de Centro 08PPR0151Z otorgado por la\u00a0Secretar\u00eda de Educaci\u00f3n, Cultura y Deporte del Estado de Chihuahua con fecha del 22 de Enero de 1969.<\/em><\/p>\n<p>[\/vc_column_text][\/vc_column][\/vc_row]<\/p>\n","protected":false},"excerpt":{"rendered":"<p>[vc_row][vc_column][vc_column_text] La Primaria Lasallista promueve la formaci\u00f3n integral de los ni\u00f1os, especialmente de los m\u00e1s necesitados, ayud\u00e1ndoles a desarrollar las competencias que los capaciten para vivir felices y transformar su entorno, a trav\u00e9s de una educaci\u00f3n humana y cristiana fundamentada en el Evangelio y en el carisma de San Juan Bautista De La Salle. [\/vc_column_text][vc_row_inner][vc_column_inner width=&#8221;1\/6&#8243;][vc_custom_heading text=&#8221;Perfil de Ingreso\/Egreso&#8221; font_container=&#8221;tag:h5|text_align:center|color:%23b4b7c1&#8243;&nbsp;<a href=\"https:\/\/www.lasallechihuahua.edu.mx\/wordpress\/secciones\/primaria\/\">[&hellip;]<\/a><\/p>\n","protected":false},"author":1,"featured_media":0,"parent":51,"menu_order":0,"comment_status":"open","ping_status":"open","template":"","meta":[],"_links":{"self":[{"href":"https:\/\/www.lasallechihuahua.edu.mx\/wordpress\/wp-json\/wp\/v2\/pages\/68"}],"collection":[{"href":"https:\/\/www.lasallechihuahua.edu.mx\/wordpress\/wp-json\/wp\/v2\/pages"}],"about":[{"href":"https:\/\/www.lasallechihuahua.edu.mx\/wordpress\/wp-json\/wp\/v2\/types\/page"}],"author":[{"embeddable":true,"href":"https:\/\/www.lasallechihuahua.edu.mx\/wordpress\/wp-json\/wp\/v2\/users\/1"}],"replies":[{"embeddable":true,"href":"https:\/\/www.lasallechihuahua.edu.mx\/wordpress\/wp-json\/wp\/v2\/comments?post=68"}],"version-history":[{"count":42,"href":"https:\/\/www.lasallechihuahua.edu.mx\/wordpress\/wp-json\/wp\/v2\/pages\/68\/revisions"}],"predecessor-version":[{"id":20443,"href":"https:\/\/www.lasallechihuahua.edu.mx\/wordpress\/wp-json\/wp\/v2\/pages\/68\/revisions\/20443"}],"up":[{"embeddable":true,"href":"https:\/\/www.lasallechihuahua.edu.mx\/wordpress\/wp-json\/wp\/v2\/pages\/51"}],"wp:attachment":[{"href":"https:\/\/www.lasallechihuahua.edu.mx\/wordpress\/wp-json\/wp\/v2\/media?parent=68"}],"curies":[{"name":"wp","href":"https:\/\/api.w.org\/{rel}","templated":true}]}}