{"id":64,"date":"2014-01-14T14:36:52","date_gmt":"2014-01-14T21:36:52","guid":{"rendered":"http:\/\/www.lasallechihuahua.edu.mx.ws049.alentus.com\/portal\/wordpress\/?page_id=64"},"modified":"2025-12-10T13:13:55","modified_gmt":"2025-12-10T20:13:55","slug":"secundaria","status":"publish","type":"page","link":"https:\/\/www.lasallechihuahua.edu.mx\/wordpress\/secciones\/secundaria\/","title":{"rendered":"Secundaria"},"content":{"rendered":"<p>[vc_row][vc_column][vc_column_text]<\/p>\n<p style=\"text-align: justify;\">La Secundaria Lasallista es una Instituci\u00f3n de educaci\u00f3n integral que brinda una s\u00f3lida formaci\u00f3n humana-cristiana para los adolescentes, especialmente los m\u00e1s necesitados, con el prop\u00f3sito de favorecer el desarrollo de una identidad personal que les permita trascender participando comprometidamente en la sociedad como fuerza transformadora y solidaria a la luz del Evangelio e inspirados en el carisma de San Juan Bautista De La Salle.<\/p>\n<p>[\/vc_column_text][vc_row_inner][vc_column_inner width=&#8221;1\/6&#8243;]\n\t\t\t\t\t<a\n\t\t\t\thref=\"http:\/\/www.lasallechihuahua.edu.mx\/wordpress\/secciones\/secundaria\/perfil-de-secundaria\/\"\n\t\t\t\tclass=\"wh-theme-icon vc_custom_1537992587807\"\n\t\t\t\t\t\t\t\t\t\t\t\tstyle=\"font-size:65px;color:#31519c!important;\"\t\t\t\t><i class=\"icon-framed-portrait\" onMouseOver=\"this.style.color='#b4b7c1'\" onMouseOut=\"this.style.color='#31519c'\"><\/i><\/a>\n\t\t\n\t\t[vc_custom_heading text=&#8221;Perfil de Ingreso\/Egreso&#8221; font_container=&#8221;tag:h5|text_align:center|color:%23b4b7c1&#8243; link=&#8221;url:http%3A%2F%2Fwww.lasallechihuahua.edu.mx%2Fwordpress%2Fsecciones%2Fsecundaria%2Fperfil-de-secundaria%2F|||&#8221;][\/vc_column_inner][vc_column_inner width=&#8221;1\/6&#8243;]\n\t\t\t\t\t<a\n\t\t\t\thref=\"http:\/\/www.lasallechihuahua.edu.mx\/wordpress\/informacion\/admisiones\/\"\n\t\t\t\tclass=\"wh-theme-icon vc_custom_1537992978724\"\n\t\t\t\t\t\t\t\t\t\t\t\tstyle=\"font-size:65px;color:#31519c!important;\"\t\t\t\t><i class=\"icon-star-in-square\" onMouseOver=\"this.style.color='#b4b7c1'\" onMouseOut=\"this.style.color='#31519c'\"><\/i><\/a>\n\t\t\n\t\t[vc_custom_heading text=&#8221;Proceso de Admisiones&#8221; font_container=&#8221;tag:h5|text_align:center|color:%23b4b7c1&#8243; link=&#8221;url:http%3A%2F%2Fwww.lasallechihuahua.edu.mx%2Fwordpress%2Finformacion%2Fadmisiones%2F|||&#8221;][\/vc_column_inner][vc_column_inner width=&#8221;1\/6&#8243;]\n\t\t\t\t\t<a\n\t\t\t\thref=\"https:\/\/www.lasallechihuahua.edu.mx\/wordpress\/wp-content\/uploads\/2023\/01\/Seguro-de-Accidentes-Escolares-2023.pdf\"\n\t\t\t\tclass=\"wh-theme-icon vc_custom_1672852168391\"\n\t\t\t\t\t\t\t\t\t\t\t\t\ttarget=\" _blank\"\n\t\t\t\t\t\t\t\tstyle=\"font-size:65px;color:#31519c!important;\"\t\t\t\t><i class=\"icon-university-hospital\" onMouseOver=\"this.style.color='#b4b7c1'\" onMouseOut=\"this.style.color='#31519c'\"><\/i><\/a>\n\t\t\n\t\t[vc_custom_heading text=&#8221;Seguro de Accidentes Escolares&#8221; font_container=&#8221;tag:h5|text_align:center|color:%23b4b7c1&#8243; link=&#8221;url:https%3A%2F%2Fwww.lasallechihuahua.edu.mx%2Fwordpress%2Fwp-content%2Fuploads%2F2023%2F01%2FSeguro-de-Accidentes-Escolares-2023.pdf|||&#8221;][\/vc_column_inner][\/vc_row_inner][vc_empty_space][vc_column_text]<strong><em>Informes Secundaria<\/em><\/strong><\/p>\n<ul>\n<li>Tel\u00e9fono: 614 432 3900 \u00a0ext. 220<\/li>\n<\/ul>\n<ul>\n<li>Direcci\u00f3n: Ave. Polit\u00e9cnico Nacional 5100, Col. Lomas La Salle, Chihuahua, Chih., Mex., C.P. 31214<\/li>\n<\/ul>\n<p>&nbsp;<\/p>\n<p style=\"text-align: center;\"><em>Incorporado a Gobierno del Estado<\/em><br \/>\n<em>Clave de Centro 08PES0095R otorgado por la\u00a0Secretar\u00eda de Educaci\u00f3n, Cultura y Deporte del Estado de Chihuahua con fecha del 28 de Mayo de 1960.<\/em><\/p>\n<p>[\/vc_column_text][\/vc_column][\/vc_row]<\/p>\n","protected":false},"excerpt":{"rendered":"<p>[vc_row][vc_column][vc_column_text] La Secundaria Lasallista es una Instituci\u00f3n de educaci\u00f3n integral que brinda una s\u00f3lida formaci\u00f3n humana-cristiana para los adolescentes, especialmente los m\u00e1s necesitados, con el prop\u00f3sito de favorecer el desarrollo de una identidad personal que les permita trascender participando comprometidamente en la sociedad como fuerza transformadora y solidaria a la luz del Evangelio e inspirados en el carisma de San&nbsp;<a href=\"https:\/\/www.lasallechihuahua.edu.mx\/wordpress\/secciones\/secundaria\/\">[&hellip;]<\/a><\/p>\n","protected":false},"author":1,"featured_media":0,"parent":51,"menu_order":0,"comment_status":"open","ping_status":"open","template":"","meta":[],"_links":{"self":[{"href":"https:\/\/www.lasallechihuahua.edu.mx\/wordpress\/wp-json\/wp\/v2\/pages\/64"}],"collection":[{"href":"https:\/\/www.lasallechihuahua.edu.mx\/wordpress\/wp-json\/wp\/v2\/pages"}],"about":[{"href":"https:\/\/www.lasallechihuahua.edu.mx\/wordpress\/wp-json\/wp\/v2\/types\/page"}],"author":[{"embeddable":true,"href":"https:\/\/www.lasallechihuahua.edu.mx\/wordpress\/wp-json\/wp\/v2\/users\/1"}],"replies":[{"embeddable":true,"href":"https:\/\/www.lasallechihuahua.edu.mx\/wordpress\/wp-json\/wp\/v2\/comments?post=64"}],"version-history":[{"count":33,"href":"https:\/\/www.lasallechihuahua.edu.mx\/wordpress\/wp-json\/wp\/v2\/pages\/64\/revisions"}],"predecessor-version":[{"id":20444,"href":"https:\/\/www.lasallechihuahua.edu.mx\/wordpress\/wp-json\/wp\/v2\/pages\/64\/revisions\/20444"}],"up":[{"embeddable":true,"href":"https:\/\/www.lasallechihuahua.edu.mx\/wordpress\/wp-json\/wp\/v2\/pages\/51"}],"wp:attachment":[{"href":"https:\/\/www.lasallechihuahua.edu.mx\/wordpress\/wp-json\/wp\/v2\/media?parent=64"}],"curies":[{"name":"wp","href":"https:\/\/api.w.org\/{rel}","templated":true}]}}