{"id":5635,"date":"2020-08-19T09:36:28","date_gmt":"2020-08-19T15:36:28","guid":{"rendered":"http:\/\/www.lasallechihuahua.edu.mx\/wordpress\/?page_id=5635"},"modified":"2022-01-03T12:46:19","modified_gmt":"2022-01-03T19:46:19","slug":"deportes","status":"publish","type":"page","link":"https:\/\/www.lasallechihuahua.edu.mx\/wordpress\/deportes\/","title":{"rendered":"Educaci\u00f3n F\u00edsica y Deportes"},"content":{"rendered":"<p>[vc_row][vc_column][vc_custom_heading text=&#8221;&#8220;Para los ni\u00f1os el deporte no solo es un descanso del aprendizaje, es parte fundamental del aprendizaje y su formaci\u00f3n&#8220;&#8221; font_container=&#8221;tag:h1|font_size:40|text_align:center|color:%23606060&#8243; google_fonts=&#8221;font_family:Allura%3Aregular|font_style:400%20regular%3A400%3Anormal&#8221;][vc_column_text]Para el Departamento de Educaci\u00f3n F\u00edsica y Deportes es fundamental fomentar un estilo de vida saludable dentro de la comunidad lasallista, de esta manera se contribuye a la formaci\u00f3n integral de las personas.<\/p>\n<p>Todas las acciones que se realizan desde este departamento van encaminadas a acrecentar la cultura de la salud f\u00edsica. Para ello, se desarrollan proyectos, programas y actividades relacionadas con la salud y el deporte, bajo la supervisi\u00f3n de instructores capacitados y haciendo uso del equipo e instalaciones apropiados que motivan la participaci\u00f3n.<\/p>\n<p>De manera organizada, las actividades que se ofertan se hacen a trav\u00e9s de programas permanentes, tales como los Torneos Internos, Clases Deportivas y Equipos Representativos. Cada uno de ellos ofrece actividades espec\u00edficas y constantes que ayudan a fortalecer la disciplina y compromiso, desarrollando habilidades y actitudes.[\/vc_column_text][\/vc_column][\/vc_row][vc_row][vc_column width=&#8221;1\/6&#8243;][vc_hoverbox image=&#8221;5639&#8243; primary_title=&#8221;&#8221; hover_title=&#8221;&#8221;]Basquetbol[\/vc_hoverbox][\/vc_column][vc_column width=&#8221;1\/6&#8243;][vc_hoverbox image=&#8221;5642&#8243; primary_title=&#8221;&#8221; hover_title=&#8221;&#8221;]Voleibol[\/vc_hoverbox][\/vc_column][vc_column width=&#8221;1\/6&#8243;][vc_hoverbox image=&#8221;5640&#8243; primary_title=&#8221;&#8221; hover_title=&#8221;&#8221;]Futbol[\/vc_hoverbox][\/vc_column][vc_column width=&#8221;1\/6&#8243;][vc_hoverbox image=&#8221;5637&#8243; primary_title=&#8221;&#8221; hover_title=&#8221;&#8221;]Futbol Americano[\/vc_hoverbox][\/vc_column][vc_column width=&#8221;1\/6&#8243;][vc_hoverbox image=&#8221;5641&#8243; primary_title=&#8221;&#8221; hover_title=&#8221;&#8221;]Porras[\/vc_hoverbox][\/vc_column][vc_column width=&#8221;1\/6&#8243;][vc_hoverbox image=&#8221;5638&#8243; primary_title=&#8221;&#8221; hover_title=&#8221;&#8221;]Atletismo[\/vc_hoverbox][\/vc_column][\/vc_row][vc_row][vc_column][vc_empty_space][vc_column_text]<\/p>\n<ul>\n<li><span style=\"color: #000000;\"><a style=\"color: #000000;\" href=\"https:\/\/www.lasallechihuahua.edu.mx\/wordpress\/wp-content\/uploads\/2020\/08\/Formato-de-Inscripci\u00f3n-para-Actividades-Vespertinas-2.pdf\" target=\"_blank\" rel=\"noopener noreferrer\">Descargar Formato de Inscripci\u00f3n a Actividades Vespertinas<\/a><\/span><\/li>\n<\/ul>\n<p>[\/vc_column_text][vc_column_text]<\/p>\n<h4>Contacto<\/h4>\n<ul>\n<li>Lic. Daniel Flores<\/li>\n<li>dflores@lasallechihuahua.edu.mx<\/li>\n<li>Tel. 614.432.3900 ext 1860<\/li>\n<\/ul>\n<p>[\/vc_column_text][\/vc_column][\/vc_row][vc_row][vc_column][\/vc_column][\/vc_row]<\/p>\n","protected":false},"excerpt":{"rendered":"<p>[vc_row][vc_column][vc_custom_heading text=&#8221;&#8220;Para los ni\u00f1os el deporte no solo es un descanso del aprendizaje, es parte fundamental del aprendizaje y su formaci\u00f3n&#8220;&#8221; font_container=&#8221;tag:h1|font_size:40|text_align:center|color:%23606060&#8243; google_fonts=&#8221;font_family:Allura%3Aregular|font_style:400%20regular%3A400%3Anormal&#8221;][vc_column_text]Para el Departamento de Educaci\u00f3n F\u00edsica y Deportes es fundamental fomentar un estilo de vida saludable dentro de la comunidad lasallista, de esta manera se contribuye a la formaci\u00f3n integral de las personas. Todas las acciones que se&nbsp;<a href=\"https:\/\/www.lasallechihuahua.edu.mx\/wordpress\/deportes\/\">[&hellip;]<\/a><\/p>\n","protected":false},"author":2,"featured_media":0,"parent":0,"menu_order":0,"comment_status":"closed","ping_status":"closed","template":"","meta":[],"_links":{"self":[{"href":"https:\/\/www.lasallechihuahua.edu.mx\/wordpress\/wp-json\/wp\/v2\/pages\/5635"}],"collection":[{"href":"https:\/\/www.lasallechihuahua.edu.mx\/wordpress\/wp-json\/wp\/v2\/pages"}],"about":[{"href":"https:\/\/www.lasallechihuahua.edu.mx\/wordpress\/wp-json\/wp\/v2\/types\/page"}],"author":[{"embeddable":true,"href":"https:\/\/www.lasallechihuahua.edu.mx\/wordpress\/wp-json\/wp\/v2\/users\/2"}],"replies":[{"embeddable":true,"href":"https:\/\/www.lasallechihuahua.edu.mx\/wordpress\/wp-json\/wp\/v2\/comments?post=5635"}],"version-history":[{"count":5,"href":"https:\/\/www.lasallechihuahua.edu.mx\/wordpress\/wp-json\/wp\/v2\/pages\/5635\/revisions"}],"predecessor-version":[{"id":7759,"href":"https:\/\/www.lasallechihuahua.edu.mx\/wordpress\/wp-json\/wp\/v2\/pages\/5635\/revisions\/7759"}],"wp:attachment":[{"href":"https:\/\/www.lasallechihuahua.edu.mx\/wordpress\/wp-json\/wp\/v2\/media?parent=5635"}],"curies":[{"name":"wp","href":"https:\/\/api.w.org\/{rel}","templated":true}]}}