{"id":56,"date":"2014-01-14T14:32:10","date_gmt":"2014-01-14T21:32:10","guid":{"rendered":"http:\/\/www.lasallechihuahua.edu.mx.ws049.alentus.com\/portal\/wordpress\/?page_id=56"},"modified":"2018-09-26T15:02:58","modified_gmt":"2018-09-26T21:02:58","slug":"paar","status":"publish","type":"page","link":"https:\/\/www.lasallechihuahua.edu.mx\/wordpress\/secciones\/paar\/","title":{"rendered":"PAAR &#8211; Programa para Alumnos de Alto Rendimiento"},"content":{"rendered":"<p>[vc_row][vc_column][vc_column_text]<a href=\"https:\/\/www.lasallechihuahua.edu.mx\/wordpress\/wp-content\/uploads\/2014\/01\/Imagen1.png\"><img loading=\"lazy\" class=\"size-full wp-image-489 alignleft\" src=\"https:\/\/www.lasallechihuahua.edu.mx\/wordpress\/wp-content\/uploads\/2014\/01\/Imagen1.png\" alt=\"PAAR\" width=\"284\" height=\"248\" \/><\/a><\/p>\n<p style=\"text-align: justify;\">El PAAR, es un programa transformador, \u00fanico en M\u00e9xico, que ofrece a los estudiantes de preparatoria una curr\u00edcula especial de estudios de alto rendimiento incluidos en su plan de estudios de Preparatoria regular, que incluye materias a nivel universitario que sustituyen a la materia regular, (ejem. C\u00e1lculo por Calculus, Estad\u00edstica por Statistics, etc.) cursadas en idioma ingl\u00e9s, orientaci\u00f3n\u00a0 y consejer\u00eda vocacional personalizada, as\u00ed como actividades extra acad\u00e9micas, donde el potencial del joven se despliega mediante una formaci\u00f3n integral de alto nivel.<\/p>\n<p style=\"text-align: justify;\">El Programa PAAR incentiva tanto el crecimiento del alumno como de los maestros que participan en el programa, al proponer un c\u00edrculo virtuoso de crecimiento y reto personal constante.<\/p>\n<p style=\"text-align: justify;\">Este programa ha sido creado con el apoyo y respaldo del Instituto La Salle Chihuahua y mediante la selecci\u00f3n de los mejores maestros y alumnos; el PAAR impulsa y desarrolla al m\u00e1ximo el potencial de los j\u00f3venes estudiantes de Preparatoria, para que les permita:<\/p>\n<ul>\n<li style=\"text-align: justify;\"><strong>Ingresar<\/strong> a las universidades m\u00e1s prestigiadas de M\u00e9xico y el extranjero.<\/li>\n<li style=\"text-align: justify;\"><strong>Mantener<\/strong> la excelencia acad\u00e9mica durante su carrera.<\/li>\n<li style=\"text-align: justify;\"><strong>Regresar<\/strong> a su pa\u00eds como profesionistas capaces de <strong>transformar<\/strong> la realidad de su comunidad.<\/li>\n<\/ul>\n<p style=\"text-align: justify;\">Para ingresar al programa se sigue un riguroso proceso de selecci\u00f3n al inicio del primer semestre de preparatoria, en este semestre se integra un grupo Pre-PAAR que agrupa a 50 alumnos que mayormente cumplen con los requisitos m\u00ednimos para ingresar al programa, como son:\u00a0 Promedio de secundaria, dominio del idioma ingl\u00e9s, h\u00e1bitos de estudio y formaci\u00f3n integral; el primer semestre incluye materias de preparaci\u00f3n como matem\u00e1ticas e ingl\u00e9s, entrevistas en ingl\u00e9s y espa\u00f1ol, as\u00ed como ex\u00e1menes estandarizados dise\u00f1ados por instituciones acad\u00e9micas estadounidenses, (College Board), lo que asegura que en el programa participen \u00fanicamente alumnos conscientes de que formar parte del PAAR exigir\u00e1 un gran compromiso y mucho trabajo.<\/p>\n<p style=\"text-align: justify;\">El perfil del egresado del PAAR es el de un joven que tiene muy claro sus metas y objetivos profesionales, cuenta con una actitud decidida para lograrlo, as\u00ed como una visi\u00f3n de compromiso social\u00a0 que lo impulsa con generosidad y compromiso hacia su comunidad.<\/p>\n<p style=\"text-align: justify;\">Actualmente el 100% de los egresados del programa son universitarios exitosos, que consiguen y conservan calificaciones por arriba del promedio en los EE.UU. en pruebas estandarizadas como el PSAT, SAT e IBT TOEFL y exentan materias en la universidad, debido a que ya cursaron su equivalente en el programa PAAR, ahorrando tiempo y recursos.<\/p>\n<p style=\"text-align: justify;\">El programa ofrece basta preparaci\u00f3n para el ingreso a instituciones de educaci\u00f3n superior de prestigio, t\u00e9cnicas de aprendizaje acelerado y dominio de la metodolog\u00eda de estudio y procesos de admisi\u00f3n\u00a0 de las universidades estadounidenses.<\/p>\n<p style=\"text-align: justify;\">Nuestros egresados han sido invitados a ingresar en universidades prestigiadas como, Stanford, UT Austin, Purdue, Boulder State University, University of Pennsylvania, Instituto Aut\u00f3nomo de M\u00e9xico (ITAM), Universidad de las Am\u00e9ricas en Puebla y la Escuela Libre de Derecho, donde han logrado destacar en cuadros de honor y\u00a0 han sido merecedores de becas y apoyos.<\/p>\n<p style=\"text-align: justify;\">Para estar a la altura de las exigencias del programa, los maestros del PAAR tambi\u00e9n son seleccionados y capacitados de acuerdo a la asignatura que imparten\u00a0 en el programa de formaci\u00f3n de docentes del College Board en Estados Unidos. A cambio, se les exige un alto compromiso, planeaci\u00f3n continua, estudio, trabajo y la actualizaci\u00f3n anual en cada uno de sus programas.<\/p>\n<p style=\"text-align: justify;\">Programa de formaci\u00f3n ofrecido por el Instituto La Salle de Chihuahua que capacita al alumno en altos est\u00e1ndares acad\u00e9micos.<br \/>\nEl PAAR le capacita para presentar ex\u00e1menes de Colocaci\u00f3n Avanzada (AP)<\/p>\n<p>[\/vc_column_text][vc_tta_accordion][vc_tta_section i_icon_fontawesome=&#8221;fa fa-handshake-o&#8221; add_icon=&#8221;true&#8221; title=&#8221;Programa de Formaci\u00f3n Acad\u00e9mica:&#8221; tab_id=&#8221;1537994780872-59a3768c-71ad&#8221;][vc_column_text]<\/p>\n<ul>\n<li>Materias con nivel universitario a lo largo de 6 Semestres y la aplicaci\u00f3n de ex\u00e1menes para certificarlas. (AP, PSAT, SAT, Subject Test, TOEFL) respaldados por instituciones internacionales (College Board)<\/li>\n<li>Acompa\u00f1amiento vocacional y acad\u00e9mico personalizado.<\/li>\n<li>Asesor\u00eda en el proceso de admisi\u00f3n Universitaria.<\/li>\n<\/ul>\n<p>[\/vc_column_text][\/vc_tta_section][vc_tta_section i_icon_fontawesome=&#8221;fa fa-paperclip&#8221; add_icon=&#8221;true&#8221; title=&#8221;Requisitos para ingresar al PAAR:&#8221; tab_id=&#8221;1537994780872-ecf9d86e-2c34&#8243;][vc_column_text]<\/p>\n<ul>\n<li>Ser Alumno o Alumna de Preparatoria del Instituto La Salle de Chihuahua.<\/li>\n<li>Tener un alto rendimiento acad\u00e9mico.<\/li>\n<li>Haberse graduado con un promedio m\u00ednimo de 8.5 en 3\u00ba de Secundaria.<\/li>\n<li>Lograr un buen desempe\u00f1o en actividades extracurriculares.<\/li>\n<li>Deseo de desarrollar liderazgo.<\/li>\n<li>Poseer un alto dominio del idioma Ingl\u00e9s.<\/li>\n<li>Actitud de servicio.<\/li>\n<\/ul>\n<p>[\/vc_column_text][\/vc_tta_section][vc_tta_section i_icon_fontawesome=&#8221;fa fa-font-awesome&#8221; add_icon=&#8221;true&#8221; title=&#8221;\u00bfQu\u00e9 es el PAAR?&#8221; tab_id=&#8221;1537995082785-42e9fa58-7877&#8243;][vc_column_text]<\/p>\n<ul>\n<li>Un proyecto formativo de Preparatoria patrocinado por Empresarios ex-alumnos Lasallistas, cuyo objetivo es promover el talento y valor de los Chihuahuenses.<\/li>\n<li>Un programa de acompa\u00f1amiento y promoci\u00f3n para alumnos con capacidades sobresalientes de: Esfuerzo, Estudio, Liderazgo y Servicio.<\/li>\n<li>Un programa gradual de cursos y ex\u00e1menes estandarizados con vigencia internacional.<\/li>\n<li>Un grupo interdisciplinario de maestros preparados en instituciones educativas estadounidenses que imparten cursos de colocaci\u00f3n avanzada (Advanced Placement Program -AP-).<\/li>\n<li>Un grupo de 25 j\u00f3venes estudiantes por generaci\u00f3n, integrados en grupos regulares de Preparatoria.<\/li>\n<li>Un acompa\u00f1amiento interdisciplinario en el proceso de ubicaci\u00f3n universitaria.<\/li>\n<li>Un programa \u00fanico en M\u00e9xico.<\/li>\n<\/ul>\n<p>[\/vc_column_text][\/vc_tta_section][\/vc_tta_accordion][vc_custom_heading text=&#8221;Los J\u00f3venes que participan en el Programa adquieren el compromiso de aportar su tiempo y recursos para beneficiar a la comunidad Chihuahuense y al PAAR mismo.&#8221; font_container=&#8221;tag:h2|font_size:40|text_align:center|color:%2331519c|line_height:1&#8243; google_fonts=&#8221;font_family:Allan%3Aregular%2C700|font_style:400%20regular%3A400%3Anormal&#8221;][\/vc_column][\/vc_row]<\/p>\n","protected":false},"excerpt":{"rendered":"<p>[vc_row][vc_column][vc_column_text] El PAAR, es un programa transformador, \u00fanico en M\u00e9xico, que ofrece a los estudiantes de preparatoria una curr\u00edcula especial de estudios de alto rendimiento incluidos en su plan de estudios de Preparatoria regular, que incluye materias a nivel universitario que sustituyen a la materia regular, (ejem. C\u00e1lculo por Calculus, Estad\u00edstica por Statistics, etc.) cursadas en idioma ingl\u00e9s, orientaci\u00f3n\u00a0 y&nbsp;<a href=\"https:\/\/www.lasallechihuahua.edu.mx\/wordpress\/secciones\/paar\/\">[&hellip;]<\/a><\/p>\n","protected":false},"author":1,"featured_media":0,"parent":51,"menu_order":0,"comment_status":"open","ping_status":"open","template":"","meta":[],"_links":{"self":[{"href":"https:\/\/www.lasallechihuahua.edu.mx\/wordpress\/wp-json\/wp\/v2\/pages\/56"}],"collection":[{"href":"https:\/\/www.lasallechihuahua.edu.mx\/wordpress\/wp-json\/wp\/v2\/pages"}],"about":[{"href":"https:\/\/www.lasallechihuahua.edu.mx\/wordpress\/wp-json\/wp\/v2\/types\/page"}],"author":[{"embeddable":true,"href":"https:\/\/www.lasallechihuahua.edu.mx\/wordpress\/wp-json\/wp\/v2\/users\/1"}],"replies":[{"embeddable":true,"href":"https:\/\/www.lasallechihuahua.edu.mx\/wordpress\/wp-json\/wp\/v2\/comments?post=56"}],"version-history":[{"count":9,"href":"https:\/\/www.lasallechihuahua.edu.mx\/wordpress\/wp-json\/wp\/v2\/pages\/56\/revisions"}],"predecessor-version":[{"id":3374,"href":"https:\/\/www.lasallechihuahua.edu.mx\/wordpress\/wp-json\/wp\/v2\/pages\/56\/revisions\/3374"}],"up":[{"embeddable":true,"href":"https:\/\/www.lasallechihuahua.edu.mx\/wordpress\/wp-json\/wp\/v2\/pages\/51"}],"wp:attachment":[{"href":"https:\/\/www.lasallechihuahua.edu.mx\/wordpress\/wp-json\/wp\/v2\/media?parent=56"}],"curies":[{"name":"wp","href":"https:\/\/api.w.org\/{rel}","templated":true}]}}