{"id":40,"date":"2014-01-10T10:51:07","date_gmt":"2014-01-10T17:51:07","guid":{"rendered":"http:\/\/www.lasallechihuahua.edu.mx.ws049.alentus.com\/portal\/wordpress\/?page_id=40"},"modified":"2018-06-20T12:47:29","modified_gmt":"2018-06-20T18:47:29","slug":"modelo-educativo","status":"publish","type":"page","link":"https:\/\/www.lasallechihuahua.edu.mx\/wordpress\/lasallismo\/modelo-educativo\/","title":{"rendered":"Modelo Educativo"},"content":{"rendered":"<p style=\"text-align: justify;\" align=\"center\">El Instituto La Salle de Chihuahua A. C. pertenece a una larga tradici\u00f3n educativa de m\u00e1s de 300 a\u00f1os fundada por el pedagogo franc\u00e9s Juan Bautista De La Salle M\u00f6et. quien respondiendo al abandono de los hijos de los artesanos y de los pobres estructur\u00f3 un modelo educativo basado en la visi\u00f3n cristiana y humana de su tiempo, innovando as\u00ed el mundo de la educaci\u00f3n. Consciente de los constantes cambios en el mundo contempor\u00e1neo, el Instituto La Salle de Chihuahua A. C. sigue la tradici\u00f3n humana y cristiana actualizando asi la perspectiva de la persona como ser cambiante inmerso en una comunidad y aplicando m\u00e9todos y t\u00e9cnicas actuales favorece en el alumno la adquisici\u00f3n de actitudes, criterios y disciplina que estimulan su creatividad, participaci\u00f3n y conciencia social y cristiana.<\/p>\n<ul>\n<li style=\"text-align: justify;\"><a title=\"Modelo Educativo Distrito M\u00e9xico Norte\" href=\"https:\/\/www.lasallechihuahua.edu.mx\/wordpress\/wp-content\/uploads\/2015\/01\/Modelo_Educativo_Lasallista.pdf\">Modelo Educativo Distrito M\u00e9xico Norte<\/a><\/li>\n<\/ul>\n","protected":false},"excerpt":{"rendered":"<p>El Instituto La Salle de Chihuahua A. C. pertenece a una larga tradici\u00f3n educativa de m\u00e1s de 300 a\u00f1os fundada por el pedagogo franc\u00e9s Juan Bautista De La Salle M\u00f6et. quien respondiendo al abandono de los hijos de los artesanos y de los pobres estructur\u00f3 un modelo educativo basado en la visi\u00f3n cristiana y humana de su tiempo, innovando as\u00ed&nbsp;<a href=\"https:\/\/www.lasallechihuahua.edu.mx\/wordpress\/lasallismo\/modelo-educativo\/\">[&hellip;]<\/a><\/p>\n","protected":false},"author":1,"featured_media":0,"parent":21,"menu_order":0,"comment_status":"open","ping_status":"open","template":"","meta":[],"_links":{"self":[{"href":"https:\/\/www.lasallechihuahua.edu.mx\/wordpress\/wp-json\/wp\/v2\/pages\/40"}],"collection":[{"href":"https:\/\/www.lasallechihuahua.edu.mx\/wordpress\/wp-json\/wp\/v2\/pages"}],"about":[{"href":"https:\/\/www.lasallechihuahua.edu.mx\/wordpress\/wp-json\/wp\/v2\/types\/page"}],"author":[{"embeddable":true,"href":"https:\/\/www.lasallechihuahua.edu.mx\/wordpress\/wp-json\/wp\/v2\/users\/1"}],"replies":[{"embeddable":true,"href":"https:\/\/www.lasallechihuahua.edu.mx\/wordpress\/wp-json\/wp\/v2\/comments?post=40"}],"version-history":[{"count":10,"href":"https:\/\/www.lasallechihuahua.edu.mx\/wordpress\/wp-json\/wp\/v2\/pages\/40\/revisions"}],"predecessor-version":[{"id":3214,"href":"https:\/\/www.lasallechihuahua.edu.mx\/wordpress\/wp-json\/wp\/v2\/pages\/40\/revisions\/3214"}],"up":[{"embeddable":true,"href":"https:\/\/www.lasallechihuahua.edu.mx\/wordpress\/wp-json\/wp\/v2\/pages\/21"}],"wp:attachment":[{"href":"https:\/\/www.lasallechihuahua.edu.mx\/wordpress\/wp-json\/wp\/v2\/media?parent=40"}],"curies":[{"name":"wp","href":"https:\/\/api.w.org\/{rel}","templated":true}]}}