{"id":3249,"date":"2018-06-22T13:26:09","date_gmt":"2018-06-22T19:26:09","guid":{"rendered":"http:\/\/www.lasallechihuahua.edu.mx\/wordpress\/?page_id=3249"},"modified":"2018-06-22T13:26:09","modified_gmt":"2018-06-22T19:26:09","slug":"enarm","status":"publish","type":"page","link":"https:\/\/www.lasallechihuahua.edu.mx\/wordpress\/enarm\/","title":{"rendered":"ENARM"},"content":{"rendered":"<p>El curso de preparaci\u00f3n para el ENARM (Examen Nacional para Aspirantes a Residencias M\u00e9dicas) tiene como\u00a0<strong><em>objetivo:<\/em><\/strong><\/p>\n<p>Reforzar los conocimientos te\u00f3ricos que permitan la labor asistencial de los alumnos, adem\u00e1s de integrar los aspectos b\u00e1sicos y la correlaci\u00f3n cl\u00ednica de la fisiopatolog\u00eda, detecci\u00f3n, prevenci\u00f3n, diagn\u00f3stico, tratamiento y evoluci\u00f3n de las enfermedades m\u00e1s frecuentes en la poblaci\u00f3n mexicana.<\/p>\n<p><strong>\u00a0<\/strong><\/p>\n<p><strong>Dirigido a<\/strong><\/p>\n<ul>\n<li>M\u00e9dicos generales que deseen reforzar sus conocimientos<\/li>\n<li>M\u00e9dicos generales que desean presentar el Examen Nacional para Aspirantes a Residencias M\u00e9dicas (ENARM)<\/li>\n<\/ul>\n<p><strong>\u00a0<\/strong><\/p>\n<p><strong>Requisitos<\/strong><\/p>\n<ul>\n<li>Manejo b\u00e1sico de suite ofim\u00e1tica (Word, Power Point, Excel).<\/li>\n<li>Uso de navegador de internet y correo electr\u00f3nico.<\/li>\n<\/ul>\n<p>&nbsp;<\/p>\n<p><strong>Temas<\/strong><\/p>\n<ol>\n<li>Ginecolog\u00eda y obstetricia<\/li>\n<li>Pediatr\u00eda<\/li>\n<li>Medicina interna<\/li>\n<li>Cirug\u00eda general<\/li>\n<li>Subespecialidades<\/li>\n<\/ol>\n<p><strong>\u00a0<\/strong><\/p>\n<p><strong>Modalidades<\/strong><\/p>\n<ul>\n<li>Semipresencial (SP) \u2013 Asistiendo a la sala de videoconferencia.<\/li>\n<li>Webcast (Web) \u2013 Transmisi\u00f3n de video en vivo por Internet.<\/li>\n<\/ul>\n<p><strong>\u00a0<\/strong><\/p>\n<p><strong>Documento de acreditaci\u00f3n<\/strong><\/p>\n<p>El participante puede ser acreedor a uno de los siguientes documentos:<\/p>\n<ul>\n<li>Constancia de participaci\u00f3n.<\/li>\n<li>Constancia de acreditaci\u00f3n con validez curricular.<\/li>\n<\/ul>\n","protected":false},"excerpt":{"rendered":"<p>El curso de preparaci\u00f3n para el ENARM (Examen Nacional para Aspirantes a Residencias M\u00e9dicas) tiene como\u00a0objetivo: Reforzar los conocimientos te\u00f3ricos que permitan la labor asistencial de los alumnos, adem\u00e1s de integrar los aspectos b\u00e1sicos y la correlaci\u00f3n cl\u00ednica de la fisiopatolog\u00eda, detecci\u00f3n, prevenci\u00f3n, diagn\u00f3stico, tratamiento y evoluci\u00f3n de las enfermedades m\u00e1s frecuentes en la poblaci\u00f3n mexicana. \u00a0 Dirigido a M\u00e9dicos&nbsp;<a href=\"https:\/\/www.lasallechihuahua.edu.mx\/wordpress\/enarm\/\">[&hellip;]<\/a><\/p>\n","protected":false},"author":2,"featured_media":0,"parent":0,"menu_order":0,"comment_status":"closed","ping_status":"closed","template":"","meta":[],"_links":{"self":[{"href":"https:\/\/www.lasallechihuahua.edu.mx\/wordpress\/wp-json\/wp\/v2\/pages\/3249"}],"collection":[{"href":"https:\/\/www.lasallechihuahua.edu.mx\/wordpress\/wp-json\/wp\/v2\/pages"}],"about":[{"href":"https:\/\/www.lasallechihuahua.edu.mx\/wordpress\/wp-json\/wp\/v2\/types\/page"}],"author":[{"embeddable":true,"href":"https:\/\/www.lasallechihuahua.edu.mx\/wordpress\/wp-json\/wp\/v2\/users\/2"}],"replies":[{"embeddable":true,"href":"https:\/\/www.lasallechihuahua.edu.mx\/wordpress\/wp-json\/wp\/v2\/comments?post=3249"}],"version-history":[{"count":1,"href":"https:\/\/www.lasallechihuahua.edu.mx\/wordpress\/wp-json\/wp\/v2\/pages\/3249\/revisions"}],"predecessor-version":[{"id":3250,"href":"https:\/\/www.lasallechihuahua.edu.mx\/wordpress\/wp-json\/wp\/v2\/pages\/3249\/revisions\/3250"}],"wp:attachment":[{"href":"https:\/\/www.lasallechihuahua.edu.mx\/wordpress\/wp-json\/wp\/v2\/media?parent=3249"}],"curies":[{"name":"wp","href":"https:\/\/api.w.org\/{rel}","templated":true}]}}