{"id":2762,"date":"2017-06-30T13:33:57","date_gmt":"2017-06-30T19:33:57","guid":{"rendered":"http:\/\/www.lasallechihuahua.edu.mx\/wordpress\/?page_id=2762"},"modified":"2024-06-24T11:06:13","modified_gmt":"2024-06-24T17:06:13","slug":"tiendas-de-libros","status":"publish","type":"page","link":"https:\/\/www.lasallechihuahua.edu.mx\/wordpress\/tiendas-de-libros\/","title":{"rendered":"Tiendas de Libros"},"content":{"rendered":"<p>[vc_row][vc_column][vc_single_image image=&#8221;5454&#8243; alignment=&#8221;center&#8221; onclick=&#8221;custom_link&#8221; img_link_target=&#8221;_blank&#8221; link=&#8221;https:\/\/bodeli.mx\/&#8221;][vc_custom_heading text=&#8221;BODELI&#8221; font_container=&#8221;tag:h5|text_align:center|color:%23b4b7c1&#8243; google_fonts=&#8221;font_family:Allerta%3Aregular|font_style:400%20regular%3A400%3Anormal&#8221; link=&#8221;url:https%3A%2F%2Fbodeli.mx%2F||target:%20_blank|&#8221;][\/vc_column][\/vc_row][vc_row][vc_column][vc_separator][vc_column_text]<\/p>\n<pre>NOTA: Les recordamos que por indicaci\u00f3n de Casa Central hacia todos los Colegios Lasallistas del Distrito M\u00e9xico Norte, se pone a disposici\u00f3n la tienda de Libros BODELI; de esta manera puede obtener el beneficio de la Certificaci\u00f3n de Ingl\u00e9s avalada por la Universidad de Oxford sin costo adicional, ya que el Instituto La Salle Chihuahua otorga como obsequio la Certificaci\u00f3n de Ingl\u00e9s a los alumnos de grados terminales que deciden realizar la compra del paquete de libros completo a trav\u00e9s de este medio.<\/pre>\n<p>[\/vc_column_text][\/vc_column][\/vc_row][vc_row][vc_column][\/vc_column][\/vc_row]<\/p>\n","protected":false},"excerpt":{"rendered":"<p>[vc_row][vc_column][vc_single_image image=&#8221;5454&#8243; alignment=&#8221;center&#8221; onclick=&#8221;custom_link&#8221; img_link_target=&#8221;_blank&#8221; link=&#8221;https:\/\/bodeli.mx\/&#8221;][vc_custom_heading text=&#8221;BODELI&#8221; font_container=&#8221;tag:h5|text_align:center|color:%23b4b7c1&#8243; google_fonts=&#8221;font_family:Allerta%3Aregular|font_style:400%20regular%3A400%3Anormal&#8221; link=&#8221;url:https%3A%2F%2Fbodeli.mx%2F||target:%20_blank|&#8221;][\/vc_column][\/vc_row][vc_row][vc_column][vc_separator][vc_column_text] NOTA: Les recordamos que por indicaci\u00f3n de Casa Central hacia todos los Colegios Lasallistas del Distrito M\u00e9xico Norte, se pone a disposici\u00f3n la tienda de Libros BODELI; de esta manera puede obtener el beneficio de la Certificaci\u00f3n de Ingl\u00e9s avalada por la Universidad de Oxford sin costo adicional, ya que&nbsp;<a href=\"https:\/\/www.lasallechihuahua.edu.mx\/wordpress\/tiendas-de-libros\/\">[&hellip;]<\/a><\/p>\n","protected":false},"author":2,"featured_media":0,"parent":0,"menu_order":0,"comment_status":"closed","ping_status":"closed","template":"","meta":[],"_links":{"self":[{"href":"https:\/\/www.lasallechihuahua.edu.mx\/wordpress\/wp-json\/wp\/v2\/pages\/2762"}],"collection":[{"href":"https:\/\/www.lasallechihuahua.edu.mx\/wordpress\/wp-json\/wp\/v2\/pages"}],"about":[{"href":"https:\/\/www.lasallechihuahua.edu.mx\/wordpress\/wp-json\/wp\/v2\/types\/page"}],"author":[{"embeddable":true,"href":"https:\/\/www.lasallechihuahua.edu.mx\/wordpress\/wp-json\/wp\/v2\/users\/2"}],"replies":[{"embeddable":true,"href":"https:\/\/www.lasallechihuahua.edu.mx\/wordpress\/wp-json\/wp\/v2\/comments?post=2762"}],"version-history":[{"count":16,"href":"https:\/\/www.lasallechihuahua.edu.mx\/wordpress\/wp-json\/wp\/v2\/pages\/2762\/revisions"}],"predecessor-version":[{"id":15362,"href":"https:\/\/www.lasallechihuahua.edu.mx\/wordpress\/wp-json\/wp\/v2\/pages\/2762\/revisions\/15362"}],"wp:attachment":[{"href":"https:\/\/www.lasallechihuahua.edu.mx\/wordpress\/wp-json\/wp\/v2\/media?parent=2762"}],"curies":[{"name":"wp","href":"https:\/\/api.w.org\/{rel}","templated":true}]}}