{"id":2724,"date":"2017-06-20T14:11:06","date_gmt":"2017-06-20T20:11:06","guid":{"rendered":"http:\/\/www.lasallechihuahua.edu.mx\/wordpress\/?page_id=2724"},"modified":"2020-04-06T11:15:47","modified_gmt":"2020-04-06T17:15:47","slug":"college-fair-la-salle","status":"publish","type":"page","link":"https:\/\/www.lasallechihuahua.edu.mx\/wordpress\/college-fair-la-salle\/","title":{"rendered":"College Fair La Salle"},"content":{"rendered":"<p>[vc_row][vc_column][vc_column_text]<\/p>\n<h3 style=\"text-align: center;\"><img loading=\"lazy\" class=\"size-full wp-image-2697 alignnone\" src=\"https:\/\/www.lasallechihuahua.edu.mx\/wordpress\/wp-content\/uploads\/2017\/06\/Banner-College-Fair.png\" alt=\"Banner College Fair\" width=\"870\" height=\"139\" \/><\/h3>\n<h3>Antecedentes<\/h3>\n<p style=\"text-align: justify;\">Desde el a\u00f1o 2008, el <em>Instituto La Salle de Chihuahua<\/em>, viene organizando un evento acad\u00e9mico de beneficio a toda la sociedad del Estado de Chihuahua, dirigida principalmente a los alumnos que cursan el Nivel Medio Superior, evento en el que participan prestigiadas Universidades Locales, Nacionales y Extranjeras, presentando su oferta educativa innovadora y de reconocida calidad acad\u00e9mica.<\/p>\n<p style=\"text-align: justify;\">El objetivo del <strong><em>College Fair<\/em><\/strong> es facilitar el enlace entre las inquietudes vocacionales de los J\u00f3venes y los Centros Educativos de nivel Superior, donde pueden desarrollar sus sue\u00f1os. Para ello hemos logrado concentrar en un solo espacio diferentes opciones educativas para que los j\u00f3venes de grados medios y terminales de las Preparatorias de Chihuahua tengan acceso a ellas. La realizaci\u00f3n de este evento consta de un momento durante la ma\u00f1ana en donde\u00a0los estudiantes pueden participar en ponencias sobre temas importantes del proceso de orientaci\u00f3n vocacional y profesional, caracter\u00edsticas de las \u00e1reas de formaci\u00f3n y carreras que ponen a su disposici\u00f3n. \u00a0Despu\u00e9s de las ponencias los estudiantes pasan al piso de exposiciones montado en el gimnasio &#8220;San Juan Bautista de la Salle&#8221; en donde encuentran la oferta educativa que muestran las m\u00e1s de 75 Universidades Locales y Extranjeras que a\u00f1o con a\u00f1o participan.<\/p>\n<p style=\"text-align: right;\">&lt;<em><a href=\"https:\/\/www.lasallechihuahua.edu.mx\/wordpress\/college-fair-la-salle-english-version\/\">View English Version<\/a><\/em>&gt;<\/p>\n<ul>\n<li style=\"text-align: justify;\">\n<h3><strong>Ver Invitaci\u00f3n College Fair\u00a0<\/strong>(para expositores de Universidades) pr\u00f3ximamente disponible<\/h3>\n<\/li>\n<li style=\"text-align: justify;\">\n<h3><strong>Formato de Registro College Fair \u00a0<\/strong>(para expositores de Universidades) pr\u00f3ximamente disponible<\/h3>\n<\/li>\n<\/ul>\n<p>&nbsp;[\/vc_column_text][vc_video link=&#8221;https:\/\/www.youtube.com\/watch?v=O35R-EXNI8M&#038;feature=youtu.be&#8221; align=&#8221;center&#8221;][\/vc_column][\/vc_row]<\/p>\n","protected":false},"excerpt":{"rendered":"<p>[vc_row][vc_column][vc_column_text] Antecedentes Desde el a\u00f1o 2008, el Instituto La Salle de Chihuahua, viene organizando un evento acad\u00e9mico de beneficio a toda la sociedad del Estado de Chihuahua, dirigida principalmente a los alumnos que cursan el Nivel Medio Superior, evento en el que participan prestigiadas Universidades Locales, Nacionales y Extranjeras, presentando su oferta educativa innovadora y de reconocida calidad acad\u00e9mica. El&nbsp;<a href=\"https:\/\/www.lasallechihuahua.edu.mx\/wordpress\/college-fair-la-salle\/\">[&hellip;]<\/a><\/p>\n","protected":false},"author":2,"featured_media":2719,"parent":0,"menu_order":0,"comment_status":"closed","ping_status":"closed","template":"","meta":[],"_links":{"self":[{"href":"https:\/\/www.lasallechihuahua.edu.mx\/wordpress\/wp-json\/wp\/v2\/pages\/2724"}],"collection":[{"href":"https:\/\/www.lasallechihuahua.edu.mx\/wordpress\/wp-json\/wp\/v2\/pages"}],"about":[{"href":"https:\/\/www.lasallechihuahua.edu.mx\/wordpress\/wp-json\/wp\/v2\/types\/page"}],"author":[{"embeddable":true,"href":"https:\/\/www.lasallechihuahua.edu.mx\/wordpress\/wp-json\/wp\/v2\/users\/2"}],"replies":[{"embeddable":true,"href":"https:\/\/www.lasallechihuahua.edu.mx\/wordpress\/wp-json\/wp\/v2\/comments?post=2724"}],"version-history":[{"count":9,"href":"https:\/\/www.lasallechihuahua.edu.mx\/wordpress\/wp-json\/wp\/v2\/pages\/2724\/revisions"}],"predecessor-version":[{"id":5134,"href":"https:\/\/www.lasallechihuahua.edu.mx\/wordpress\/wp-json\/wp\/v2\/pages\/2724\/revisions\/5134"}],"wp:featuredmedia":[{"embeddable":true,"href":"https:\/\/www.lasallechihuahua.edu.mx\/wordpress\/wp-json\/wp\/v2\/media\/2719"}],"wp:attachment":[{"href":"https:\/\/www.lasallechihuahua.edu.mx\/wordpress\/wp-json\/wp\/v2\/media?parent=2724"}],"curies":[{"name":"wp","href":"https:\/\/api.w.org\/{rel}","templated":true}]}}