{"id":27,"date":"2014-01-10T10:45:06","date_gmt":"2014-01-10T17:45:06","guid":{"rendered":"http:\/\/www.lasallechihuahua.edu.mx.ws049.alentus.com\/portal\/wordpress\/?page_id=27"},"modified":"2018-06-20T12:46:08","modified_gmt":"2018-06-20T18:46:08","slug":"mision_vision","status":"publish","type":"page","link":"https:\/\/www.lasallechihuahua.edu.mx\/wordpress\/lasallismo\/mision_vision\/","title":{"rendered":"Misi\u00f3n, Visi\u00f3n, Ideario, Valores"},"content":{"rendered":"<h1 align=\"center\">&#8211; Misi\u00f3n &#8211;<\/h1>\n<p style=\"text-align: left;\" align=\"center\"><span style=\"color: #ffffff;\">.<\/span>Formar y Educar Personas de manera integral y con calidad humana, sustentados en valores evang\u00e9licos e inspirados por el carisma lasallista.<\/p>\n<h1 align=\"center\"><\/h1>\n<h1 align=\"center\">&#8211; Visi\u00f3n &#8211;<\/h1>\n<p>Forjar personas con valores evang\u00e9licos, comprometidas con la transformaci\u00f3n de la sociedad, con calidad humana y acad\u00e9mica; a fin de que trasciendan e impacten positivamente en su entorno.<\/p>\n<p>&nbsp;<\/p>\n<h1 align=\"center\">&#8211; Valores &#8211;<\/h1>\n<ul>\n<li>El esp\u00edritu de\u00a0Fe\u00a0que ilumina sus decisiones a partir de Dios.<\/li>\n<li>La\u00a0Fraternidad como estilo de vida que le lleva a asumir compromisos con proyectos que se realizan en comunidad.<\/li>\n<li>El\u00a0Servicio como actitud que le lleva a transformar su realidad en t\u00e9rminos de solidaridad y equidad.<\/li>\n<\/ul>\n<p>&nbsp;<\/p>\n<h1 align=\"center\">&#8211; Ideario Lasallista &#8211;<\/h1>\n<p>La Escuela Lasallista\u00a0es el lugar de Evangelizaci\u00f3n, de formaci\u00f3n humana y cient\u00edfica, en donde las personas se desarrollan, construyen y vitalizan una Comunidad Educativa, se Comprometen en la promoci\u00f3n de la Justicia, en el Servicio del necesitado, buscando la propia realizaci\u00f3n y la de su Comunidad a la luz de los Valores Evang\u00e9licos<\/p>\n<ol>\n<li><strong><em>La Fe<\/em><\/strong>\u00a0 ocupa el lugar primordial en nuestro quehacer, mediante ella valoramos el mundo, la historia y la cultura.\u00a0 Aceptamos la acci\u00f3n educativa como una misi\u00f3n confiada por Dios; anunciamos expl\u00edcitamente el Evangelio configurando nuestra vida a sus principios y fines.<\/li>\n<li>Partimos del principio que <strong><em>todo ser humano es persona<\/em><\/strong>, es decir, una naturaleza dotada de inteligencia y de libre voluntad; y, por tanto, es sujeto de derechos y deberes, los cuales respetamos, tutelamos, promovemos y defendemos.<\/li>\n<li><strong><em>El hombre, como fruto de la iniciativa creadora de Dios<\/em><\/strong>, es un ser con dignidad que posee conciencia y libertad su actuar es consciente, libre y responsable.<\/li>\n<li>Concebimos al <strong><em>hombre como una vocaci\u00f3n<\/em><\/strong>, es decir, un ser llamado a la plena actualizaci\u00f3n y realizaci\u00f3n de s\u00ed mismo; su vocaci\u00f3n lo hace un ser din\u00e1mico y abierto al futuro.<\/li>\n<li>Orientamos y coordinamos toda la acci\u00f3n educativa, para que <strong><em>el alumno sea agente de su propia<\/em><\/strong> <strong><em>formaci\u00f3n<\/em><\/strong>, constructor de una comunidad fraterna y promotor de la justicia y la paz.<\/li>\n<li><strong><em>Formamos para el servicio a la comunidad<\/em><\/strong>, animando a la participaci\u00f3n, a la colaboraci\u00f3n, a la disponibilidad, a la generosidad y a la solidaridad, especialmente con los m\u00e1s necesitados.<\/li>\n<li><strong><em>La formaci\u00f3n integral del estudiante<\/em><\/strong> requiere profesionalismo, atendiendo a las exigencias concretas que imponen los cambios, nos renovamos y adaptamos constantemente para fomentar la calidad en los estudios.<\/li>\n<li>Ponemos especial \u00e9nfasis en la <strong><em>formaci\u00f3n de las virtudes<\/em><\/strong>, de los <strong><em>h\u00e1bitos<\/em><\/strong> y de los <strong><em>valores humanos<\/em><\/strong> y <strong><em>cristianos.<\/em><\/strong><\/li>\n<li>Cuidamos la <strong><em>integraci\u00f3n de los valores <\/em><\/strong>\u00a0familiares, morales, intelectuales, deportivos, c\u00edvicos, sociales, econ\u00f3micos, pol\u00edticos y religiosos.<\/li>\n<li>Educamos para que <strong><em>el alumno se descubra como<\/em><\/strong> ser <em>individual<\/em>, <em>\u00fanico<\/em> e <em>irrepetible<\/em>, <em>aut\u00f3nomo,<\/em> <em>creativo<\/em>, consciente de su dignidad de persona, capaz de respetarse y valorarse; a la vez que, como ser social e hist\u00f3rico, aprecie a\u00a0 M\u00e9xico en su pasado, su presente y su futuro, se eduque en la correcta administraci\u00f3n de los bienes materiales, tome conciencia cr\u00edtica frente a la sociedad de consumo y fomente en su vida una actitud de austeridad y desprendimiento.<\/li>\n<\/ol>\n","protected":false},"excerpt":{"rendered":"<p>&#8211; Misi\u00f3n &#8211; .Formar y Educar Personas de manera integral y con calidad humana, sustentados en valores evang\u00e9licos e inspirados por el carisma lasallista. &#8211; Visi\u00f3n &#8211; Forjar personas con valores evang\u00e9licos, comprometidas con la transformaci\u00f3n de la sociedad, con calidad humana y acad\u00e9mica; a fin de que trasciendan e impacten positivamente en su entorno. &nbsp; &#8211; Valores &#8211; El&nbsp;<a href=\"https:\/\/www.lasallechihuahua.edu.mx\/wordpress\/lasallismo\/mision_vision\/\">[&hellip;]<\/a><\/p>\n","protected":false},"author":1,"featured_media":0,"parent":21,"menu_order":3,"comment_status":"open","ping_status":"open","template":"","meta":[],"_links":{"self":[{"href":"https:\/\/www.lasallechihuahua.edu.mx\/wordpress\/wp-json\/wp\/v2\/pages\/27"}],"collection":[{"href":"https:\/\/www.lasallechihuahua.edu.mx\/wordpress\/wp-json\/wp\/v2\/pages"}],"about":[{"href":"https:\/\/www.lasallechihuahua.edu.mx\/wordpress\/wp-json\/wp\/v2\/types\/page"}],"author":[{"embeddable":true,"href":"https:\/\/www.lasallechihuahua.edu.mx\/wordpress\/wp-json\/wp\/v2\/users\/1"}],"replies":[{"embeddable":true,"href":"https:\/\/www.lasallechihuahua.edu.mx\/wordpress\/wp-json\/wp\/v2\/comments?post=27"}],"version-history":[{"count":18,"href":"https:\/\/www.lasallechihuahua.edu.mx\/wordpress\/wp-json\/wp\/v2\/pages\/27\/revisions"}],"predecessor-version":[{"id":3102,"href":"https:\/\/www.lasallechihuahua.edu.mx\/wordpress\/wp-json\/wp\/v2\/pages\/27\/revisions\/3102"}],"up":[{"embeddable":true,"href":"https:\/\/www.lasallechihuahua.edu.mx\/wordpress\/wp-json\/wp\/v2\/pages\/21"}],"wp:attachment":[{"href":"https:\/\/www.lasallechihuahua.edu.mx\/wordpress\/wp-json\/wp\/v2\/media?parent=27"}],"curies":[{"name":"wp","href":"https:\/\/api.w.org\/{rel}","templated":true}]}}