{"id":1647,"date":"2015-09-03T15:27:11","date_gmt":"2015-09-03T21:27:11","guid":{"rendered":"http:\/\/www.lasallechihuahua.edu.mx\/wordpress\/?page_id=1647"},"modified":"2018-06-08T13:24:07","modified_gmt":"2018-06-08T19:24:07","slug":"documentos-del-fundador","status":"publish","type":"page","link":"https:\/\/www.lasallechihuahua.edu.mx\/wordpress\/lasallismo\/documentos-del-fundador\/","title":{"rendered":"Documentos del Fundador"},"content":{"rendered":"<p>A continuaci\u00f3n presentamos ligas para descarga de los documentos de fundador, a los cuales se puede accesar haciendo clic sobre los nombres:<\/p>\n<ul>\n<li>01 &#8211; <a href=\"https:\/\/www.lasallechihuahua.edu.mx\/wordpress\/wp-content\/uploads\/2015\/09\/01-reglas_comunes.pdf\" target=\"_blank\" rel=\"noopener\">Reglas Comunes de los Hermanos de las Escuelas Cristianas.<\/a><\/li>\n<li>03 &#8211; <a href=\"https:\/\/www.lasallechihuahua.edu.mx\/wordpress\/wp-content\/uploads\/2015\/09\/03-escritos_personales.pdf\" target=\"_blank\" rel=\"noopener\">Escritos Personales<\/a>.<\/li>\n<li>06 &#8211;\u00a0<a href=\"https:\/\/www.lasallechihuahua.edu.mx\/wordpress\/wp-content\/uploads\/2015\/09\/06-metodo_oracion.pdf\" target=\"_blank\" rel=\"noopener\">Explicaci\u00f3n del M\u00e9todo de Oraci\u00f3n Mental<\/a>.<\/li>\n<li>09 &#8211; <a href=\"https:\/\/www.lasallechihuahua.edu.mx\/wordpress\/wp-content\/uploads\/2015\/09\/09-guia_escuelas.pdf\" target=\"_blank\" rel=\"noopener\">Gu\u00eda de las Escuelas.<\/a><\/li>\n<\/ul>\n","protected":false},"excerpt":{"rendered":"<p>A continuaci\u00f3n presentamos ligas para descarga de los documentos de fundador, a los cuales se puede accesar haciendo clic sobre los nombres: 01 &#8211; Reglas Comunes de los Hermanos de las Escuelas Cristianas. 03 &#8211; Escritos Personales. 06 &#8211;\u00a0Explicaci\u00f3n del M\u00e9todo de Oraci\u00f3n Mental. 09 &#8211; Gu\u00eda de las Escuelas.<\/p>\n","protected":false},"author":2,"featured_media":0,"parent":21,"menu_order":0,"comment_status":"closed","ping_status":"open","template":"","meta":[],"_links":{"self":[{"href":"https:\/\/www.lasallechihuahua.edu.mx\/wordpress\/wp-json\/wp\/v2\/pages\/1647"}],"collection":[{"href":"https:\/\/www.lasallechihuahua.edu.mx\/wordpress\/wp-json\/wp\/v2\/pages"}],"about":[{"href":"https:\/\/www.lasallechihuahua.edu.mx\/wordpress\/wp-json\/wp\/v2\/types\/page"}],"author":[{"embeddable":true,"href":"https:\/\/www.lasallechihuahua.edu.mx\/wordpress\/wp-json\/wp\/v2\/users\/2"}],"replies":[{"embeddable":true,"href":"https:\/\/www.lasallechihuahua.edu.mx\/wordpress\/wp-json\/wp\/v2\/comments?post=1647"}],"version-history":[{"count":2,"href":"https:\/\/www.lasallechihuahua.edu.mx\/wordpress\/wp-json\/wp\/v2\/pages\/1647\/revisions"}],"predecessor-version":[{"id":3165,"href":"https:\/\/www.lasallechihuahua.edu.mx\/wordpress\/wp-json\/wp\/v2\/pages\/1647\/revisions\/3165"}],"up":[{"embeddable":true,"href":"https:\/\/www.lasallechihuahua.edu.mx\/wordpress\/wp-json\/wp\/v2\/pages\/21"}],"wp:attachment":[{"href":"https:\/\/www.lasallechihuahua.edu.mx\/wordpress\/wp-json\/wp\/v2\/media?parent=1647"}],"curies":[{"name":"wp","href":"https:\/\/api.w.org\/{rel}","templated":true}]}}