{"id":126,"date":"2014-01-14T15:56:53","date_gmt":"2014-01-14T22:56:53","guid":{"rendered":"http:\/\/www.lasallechihuahua.edu.mx.ws049.alentus.com\/portal\/wordpress\/?page_id=126"},"modified":"2023-10-31T15:09:15","modified_gmt":"2023-10-31T22:09:15","slug":"centros-comunitarios","status":"publish","type":"page","link":"https:\/\/www.lasallechihuahua.edu.mx\/wordpress\/secciones\/centros-comunitarios\/","title":{"rendered":"Bachillerato Miguel Febres Cordero"},"content":{"rendered":"<p>[vc_row][vc_column][vc_column_text]El <strong>Bachillerato Miguel Febres Cordero,<\/strong> es un centro incorporado y sostenido por el Instituto la Salle Chihuahua, que\u00a0ofrece el servicio del tipo\u00a0Bachillerato General y ubicado en la colonia Jardines del Sacramento de la ciudad de Chihuahua.<\/p>\n<p>El centro de educaci\u00f3n media superior de turno nocturno tiene la clave oficial 08PBH3662L.<\/p>\n<p>Direcci\u00f3n: Jardin De Versalles Num. 4938<br \/>\nTel\u00e9fono: 6144845398[\/vc_column_text][vc_separator][\/vc_column][\/vc_row][vc_row][vc_column width=&#8221;1\/2&#8243;][vc_column_text]Ademas la Instituci\u00f3n alberga servicios como <strong>Centro Comunitario <\/strong>ofreciendo:<\/p>\n<ul>\n<li>Asesor\u00eda profesional gratuita.\n<ul>\n<li>Jur\u00eddica.<\/li>\n<li>Psicol\u00f3gica.<\/li>\n<\/ul>\n<\/li>\n<li>Ingl\u00e9s.<\/li>\n<li>Computaci\u00f3n.<\/li>\n<li>Cocina.<\/li>\n<li>Corte y confecci\u00f3n.<\/li>\n<li>Corte de cabello.<\/li>\n<li>Ejercicio f\u00edsico.<\/li>\n<li>Manualidades.<\/li>\n<li>entre otras&#8230;<\/li>\n<\/ul>\n<p>[\/vc_column_text][\/vc_column][vc_column width=&#8221;1\/2&#8243;][vc_images_carousel images=&#8221;13123,13124,13125,13126&#8243; img_size=&#8221;400&#215;400&#8243;][\/vc_column][\/vc_row][vc_row][vc_column][vc_column_text]<\/p>\n<p style=\"text-align: center;\"><strong><span style=\"color: #000080;\"><a style=\"color: #000080;\" href=\"https:\/\/www.lasallechihuahua.edu.mx\/wordpress\/wp-content\/uploads\/2023\/10\/BMFC-Acuerdo-Escolar-de-Convivencia-2023-2024_.pdf\" target=\"_blank\" rel=\"noopener\"><i>Clic para descargar Acuerdo de Convivencia Escolar para el Bachillerato Miguel Febres Cordero<\/i><\/a><\/span><\/strong><\/p>\n<p>[\/vc_column_text][\/vc_column][\/vc_row][vc_row][vc_column][vc_column_text]<\/p>\n<p style=\"text-align: center;\"><em>Preparatoria Incorporada a Gobierno del Estado<\/em><br \/>\n<em>Clave de Centro 08PBH3662L\u00a0otorgado por la\u00a0Secretar\u00eda de Educaci\u00f3n, Cultura y Deporte del Estado de Chihuahua con fecha del 11 de Diciembre del 2007.<\/em><\/p>\n<p>[\/vc_column_text][\/vc_column][\/vc_row]<\/p>\n","protected":false},"excerpt":{"rendered":"<p>[vc_row][vc_column][vc_column_text]El Bachillerato Miguel Febres Cordero, es un centro incorporado y sostenido por el Instituto la Salle Chihuahua, que\u00a0ofrece el servicio del tipo\u00a0Bachillerato General y ubicado en la colonia Jardines del Sacramento de la ciudad de Chihuahua. El centro de educaci\u00f3n media superior de turno nocturno tiene la clave oficial 08PBH3662L. Direcci\u00f3n: Jardin De Versalles Num. 4938 Tel\u00e9fono: 6144845398[\/vc_column_text][vc_separator][\/vc_column][\/vc_row][vc_row][vc_column width=&#8221;1\/2&#8243;][vc_column_text]Ademas la&nbsp;<a href=\"https:\/\/www.lasallechihuahua.edu.mx\/wordpress\/secciones\/centros-comunitarios\/\">[&hellip;]<\/a><\/p>\n","protected":false},"author":1,"featured_media":0,"parent":51,"menu_order":0,"comment_status":"closed","ping_status":"open","template":"","meta":[],"_links":{"self":[{"href":"https:\/\/www.lasallechihuahua.edu.mx\/wordpress\/wp-json\/wp\/v2\/pages\/126"}],"collection":[{"href":"https:\/\/www.lasallechihuahua.edu.mx\/wordpress\/wp-json\/wp\/v2\/pages"}],"about":[{"href":"https:\/\/www.lasallechihuahua.edu.mx\/wordpress\/wp-json\/wp\/v2\/types\/page"}],"author":[{"embeddable":true,"href":"https:\/\/www.lasallechihuahua.edu.mx\/wordpress\/wp-json\/wp\/v2\/users\/1"}],"replies":[{"embeddable":true,"href":"https:\/\/www.lasallechihuahua.edu.mx\/wordpress\/wp-json\/wp\/v2\/comments?post=126"}],"version-history":[{"count":13,"href":"https:\/\/www.lasallechihuahua.edu.mx\/wordpress\/wp-json\/wp\/v2\/pages\/126\/revisions"}],"predecessor-version":[{"id":13128,"href":"https:\/\/www.lasallechihuahua.edu.mx\/wordpress\/wp-json\/wp\/v2\/pages\/126\/revisions\/13128"}],"up":[{"embeddable":true,"href":"https:\/\/www.lasallechihuahua.edu.mx\/wordpress\/wp-json\/wp\/v2\/pages\/51"}],"wp:attachment":[{"href":"https:\/\/www.lasallechihuahua.edu.mx\/wordpress\/wp-json\/wp\/v2\/media?parent=126"}],"curies":[{"name":"wp","href":"https:\/\/api.w.org\/{rel}","templated":true}]}}