{"id":1085,"date":"2015-01-22T14:47:51","date_gmt":"2015-01-22T21:47:51","guid":{"rendered":"http:\/\/www.lasallechihuahua.edu.mx\/wordpress\/?page_id=1085"},"modified":"2022-02-24T12:42:38","modified_gmt":"2022-02-24T19:42:38","slug":"admisiones","status":"publish","type":"page","link":"https:\/\/www.lasallechihuahua.edu.mx\/wordpress\/informacion\/admisiones\/","title":{"rendered":"Proceso de Admisiones"},"content":{"rendered":"<p>[vc_row][vc_column][vc_column_text]<\/p>\n<ol>\n<li><b>Llenar en l\u00ednea los siguientes formularios seg\u00fan corresponda el grado que su hijo cursar\u00e1:<\/b>\n<ul>\n<li style=\"font-weight: 400;\" aria-level=\"1\"><span style=\"font-weight: 400;\">Ficha de Inscripci\u00f3n (Preescolar, Primaria, Secundaria y Preparatoria). <\/span><a href=\"https:\/\/forms.gle\/JKa6k9oDiWANkxd76\"><span style=\"font-weight: 400;\"><span style=\"color: #000080;\">Haz clic aqu\u00ed para ingresar al llenado de la ficha de ingreso<\/span><\/span><\/a><\/li>\n<li style=\"font-weight: 400;\" aria-level=\"1\"><span style=\"font-weight: 400;\">Ficha Descriptiva (S\u00f3lo Preescolar). <\/span><span style=\"color: #000080;\"><a style=\"color: #000080;\" href=\"https:\/\/forms.gle\/cHYbBNjm6tWi6HqN8\"><span style=\"font-weight: 400;\">Haz clic aqu\u00ed para ingresar al llenado de la ficha descriptiva para Preescolar<\/span><\/a><span style=\"font-weight: 400;\">\u00a0<\/span><\/span><\/li>\n<li style=\"font-weight: 400;\" aria-level=\"1\"><span style=\"font-weight: 400;\">Ficha Descriptiva (S\u00f3lo Primaria). <\/span><span style=\"color: #000080;\"><a style=\"color: #000080;\" href=\"https:\/\/forms.gle\/ntQUmzDby6aYCw1X6\"><span style=\"font-weight: 400;\">Haz clic aqu\u00ed para ingresar al llenado de la ficha descriptiva para Primaria<\/span><\/a><\/span><\/li>\n<\/ul>\n<\/li>\n<li><span style=\"font-weight: 400;\">Le solicitamos cubrir el costo del examen de admisi\u00f3n ($200.00 Doscientos pesos 00\/100 M.N.) realizando un dep\u00f3sito a la cuenta n\u00famero <\/span><i><span style=\"font-weight: 400;\">0149091807 <\/span><\/i><span style=\"font-weight: 400;\">o transferencia a la cuenta CLABE <\/span><i><span style=\"font-weight: 400;\">012150001490918076 <\/span><\/i><span style=\"font-weight: 400;\">del banco BBVA a nombre de Instituto La Salle de Chihuahua, A.C. incluyendo la frase examen de admisi\u00f3n y nombre del alumno<\/span><\/li>\n<li><b>Agendar cita virtual para el examen o valoraci\u00f3n.<\/b>\n<ul>\n<li><span style=\"font-weight: 400;\">Una vez que sean llenados los formularios en l\u00ednea y recibamos por este medio el comprobante de pago (foto o escaneo del dep\u00f3sito con nombre del alumno), se canalizar\u00e1 con la Orientadora de la secci\u00f3n correspondiente, quien se pondr\u00e1 en contacto con Usted para agendar una peque\u00f1a entrevista por tel\u00e9fono o videollamada.<\/span><\/li>\n<li style=\"font-weight: 400;\" aria-level=\"1\"><span style=\"font-weight: 400;\">En el caso de j\u00f3venes que deseen ingresar a Secundaria y Preparatoria les notificar\u00e1 con anticipaci\u00f3n la fecha y hora programada para el examen de conocimientos y se les har\u00e1 llegar el Temario correspondiente.<\/span><\/li>\n<\/ul>\n<\/li>\n<li><b>Resultados de Ex\u00e1menes<\/b>\n<ul>\n<li><span style=\"font-weight: 400;\">En cuanto la Orientadora de la secci\u00f3n entregue en Direcci\u00f3n General los resultados, en caso de ser aprobatorio, se indicar\u00e1 por este mismo medio los requisitos para la Inscripci\u00f3n (documentos y pago de inscripci\u00f3n) para apartar su lugar.<\/span><\/li>\n<\/ul>\n<\/li>\n<\/ol>\n<ul>\n<li style=\"list-style-type: none;\"><\/li>\n<\/ul>\n<p><span style=\"font-weight: 400;\">\u00a0<\/span><\/p>\n<p><b>Nota aclaratoria:<\/b><\/p>\n<p><span style=\"font-weight: 400;\">Los alumnos que presenten examen de admisi\u00f3n en l\u00ednea podr\u00e1n hacer todo este tr\u00e1mite y <\/span><i><span style=\"font-weight: 400;\">ser\u00e1n pre-admitidos<\/span><\/i><span style=\"font-weight: 400;\">, hasta que se normalicen las actividades y puedan presentar documentaci\u00f3n oficial donde acredite que han cursado satisfactoriamente el grado escolar anterior sin materias reprobadas, as\u00ed como presentar carta de no adeudo y carta de buena conducta de la escuela de procedencia.<\/span><\/p>\n<p>&nbsp;<\/p>\n<p>Para mayores informes con gusto nos pueden escribir al correo <strong>contacto@lasallechihuahua.edu.mx<\/strong>[\/vc_column_text][vc_row_inner css=&#8221;.vc_custom_1529519269082{padding-top: 10px !important;padding-bottom: 10px !important;background-color: #31519c !important;}&#8221;][vc_column_inner][vc_custom_heading text=&#8221;Gracias a su preferencia contamos con m\u00e1s 60 a\u00f1os al servicio de la ni\u00f1ez y juventud chihuahuense y nuestro prestigio se extiende en m\u00e1s de 80 pa\u00edses en todo el mundo.&#8221; font_container=&#8221;tag:h1|text_align:center|color:%23f9b811&#8243; google_fonts=&#8221;font_family:Snippet%3Aregular|font_style:400%20regular%3A400%3Anormal&#8221;][\/vc_column_inner][\/vc_row_inner][vc_empty_space][vc_column_text]<\/p>\n<h2 style=\"text-align: center;\"><em><strong>VISITAS GUIADAS A PAP\u00c1S Y ALUMNOS:<\/strong><\/em><\/h2>\n<p style=\"text-align: center;\"><em><strong>PRIMARIA, SECUNDARIA Y PREPARATORIA:\u00a0<\/strong>TODOS LOS MI\u00c9RCOLES (A PARTIR DE FEBRERO) A LAS 9:00 HRS. PRESENTANDO UNA IDENTIFICACI\u00d3N OFICIAL. <\/em><\/p>\n<p style=\"text-align: center;\"><em><strong>PREESCOLAR:<\/strong> SOLICITAR LA VISITA EN COORDINACI\u00d3N (SE ASIGNARA HORARIO)<\/em><\/p>\n<p align=\"center\">\u00a0Agradecemos su preferencia y le atenderemos con gusto en Ave. Polit\u00e9cnico Nacional N\u00famero 5100, Colonia Lomas La Salle. \u00a0Tel\u00e9fono (52) 614-432-3900<\/p>\n<p>[\/vc_column_text][\/vc_column][\/vc_row][vc_row][vc_column][\/vc_column][\/vc_row]<\/p>\n","protected":false},"excerpt":{"rendered":"<p>[vc_row][vc_column][vc_column_text] Llenar en l\u00ednea los siguientes formularios seg\u00fan corresponda el grado que su hijo cursar\u00e1: Ficha de Inscripci\u00f3n (Preescolar, Primaria, Secundaria y Preparatoria). Haz clic aqu\u00ed para ingresar al llenado de la ficha de ingreso Ficha Descriptiva (S\u00f3lo Preescolar). Haz clic aqu\u00ed para ingresar al llenado de la ficha descriptiva para Preescolar\u00a0 Ficha Descriptiva (S\u00f3lo Primaria). Haz clic aqu\u00ed para&nbsp;<a href=\"https:\/\/www.lasallechihuahua.edu.mx\/wordpress\/informacion\/admisiones\/\">[&hellip;]<\/a><\/p>\n","protected":false},"author":3,"featured_media":0,"parent":83,"menu_order":0,"comment_status":"closed","ping_status":"open","template":"template-boxed.php","meta":[],"_links":{"self":[{"href":"https:\/\/www.lasallechihuahua.edu.mx\/wordpress\/wp-json\/wp\/v2\/pages\/1085"}],"collection":[{"href":"https:\/\/www.lasallechihuahua.edu.mx\/wordpress\/wp-json\/wp\/v2\/pages"}],"about":[{"href":"https:\/\/www.lasallechihuahua.edu.mx\/wordpress\/wp-json\/wp\/v2\/types\/page"}],"author":[{"embeddable":true,"href":"https:\/\/www.lasallechihuahua.edu.mx\/wordpress\/wp-json\/wp\/v2\/users\/3"}],"replies":[{"embeddable":true,"href":"https:\/\/www.lasallechihuahua.edu.mx\/wordpress\/wp-json\/wp\/v2\/comments?post=1085"}],"version-history":[{"count":27,"href":"https:\/\/www.lasallechihuahua.edu.mx\/wordpress\/wp-json\/wp\/v2\/pages\/1085\/revisions"}],"predecessor-version":[{"id":7937,"href":"https:\/\/www.lasallechihuahua.edu.mx\/wordpress\/wp-json\/wp\/v2\/pages\/1085\/revisions\/7937"}],"up":[{"embeddable":true,"href":"https:\/\/www.lasallechihuahua.edu.mx\/wordpress\/wp-json\/wp\/v2\/pages\/83"}],"wp:attachment":[{"href":"https:\/\/www.lasallechihuahua.edu.mx\/wordpress\/wp-json\/wp\/v2\/media?parent=1085"}],"curies":[{"name":"wp","href":"https:\/\/api.w.org\/{rel}","templated":true}]}}