{"id":100,"date":"2014-01-14T16:08:37","date_gmt":"2014-01-14T23:08:37","guid":{"rendered":"http:\/\/www.lasallechihuahua.edu.mx.ws049.alentus.com\/portal\/wordpress\/?page_id=100"},"modified":"2018-12-11T13:38:03","modified_gmt":"2018-12-11T20:38:03","slug":"contactanos","status":"publish","type":"page","link":"https:\/\/www.lasallechihuahua.edu.mx\/wordpress\/contactanos\/","title":{"rendered":"Contacto"},"content":{"rendered":"<p>[vc_row][vc_column][vc_gmaps link=&#8221;#E-8_JTNDaWZyYW1lJTIwc3JjJTNEJTIyaHR0cHMlM0ElMkYlMkZ3d3cuZ29vZ2xlLmNvbSUyRm1hcHMlMkZlbWJlZCUzRnBiJTNEJTIxMW0xOCUyMTFtMTIlMjExbTMlMjExZDM1MDIuMjE2NjYwMzE1NTIzOCUyMTJkLTEwNi4xMDg2ODQ2NDg3NDk3NyUyMTNkMjguNjIzMjY3OTE3OTA0NTQlMjEybTMlMjExZjAlMjEyZjAlMjEzZjAlMjEzbTIlMjExaTEwMjQlMjEyaTc2OCUyMTRmMTMuMSUyMTNtMyUyMTFtMiUyMTFzMHg4NmVhNDMzNWU4NGJmNmFiJTI1M0EweGY4MGIyNWNiYzVhNGI0NWQlMjEyc0luc3RpdHV0byUyQkxhJTJCU2FsbGUlMkJkZSUyQkNoaWh1YWh1YSUyMTVlMCUyMTNtMiUyMTFzZXMlMjEyc214JTIxNHYxNTI4NDc4MTE2MjE1JTIyJTIwd2lkdGglM0QlMjI4MDAlMjIlMjBoZWlnaHQlM0QlMjI0NzAlMjIlMjBmcmFtZWJvcmRlciUzRCUyMjAlMjIlMjBzdHlsZSUzRCUyMmJvcmRlciUzQTAlMjIlMjBhbGxvd2Z1bGxzY3JlZW4lM0UlM0MlMkZpZnJhbWUlM0U=&#8221;][\/vc_column][\/vc_row][vc_row][vc_column width=&#8221;1\/3&#8243;]\n\t\t\t\t\t<div class=\"wh-theme-icon \" style=\"position:absolute;\">\n\t\t\t\t<i class=\"icon-Pin-New\" ><\/i>\n\t\t\t<\/div>\n\t\t\n\t\t[vc_custom_heading text=&#8221;Direcci\u00f3n&#8221; font_container=&#8221;tag:p|font_size:12px|text_align:left&#8221; use_theme_fonts=&#8221;yes&#8221; css=&#8221;.vc_custom_1528478942885{margin-bottom: 0px !important;margin-left: 20px !important;}&#8221;][vc_custom_heading text=&#8221;Av. P\u00f3lit\u00e9cnico Nacional #5100<br \/>\nCol. Lomas La Salle, C.P. 31214<br \/>\nChihuahua, Chihuahua, M\u00e9x.&#8221; font_container=&#8221;tag:p|font_size:12px|text_align:left&#8221; use_theme_fonts=&#8221;yes&#8221; css=&#8221;.vc_custom_1528479254261{margin-bottom: 0px !important;margin-left: 20px !important;}&#8221;]\n\t\t\t\t\t<div class=\"wh-theme-icon \" style=\"position:absolute;\">\n\t\t\t\t<i class=\"icon-Clock-New\" ><\/i>\n\t\t\t<\/div>\n\t\t\n\t\t[vc_custom_heading text=&#8221;Horario de Oficinas&#8221; font_container=&#8221;tag:p|font_size:12px|text_align:left&#8221; use_theme_fonts=&#8221;yes&#8221; css=&#8221;.vc_custom_1528479010700{margin-bottom: 0px !important;margin-left: 20px !important;}&#8221;][vc_custom_heading text=&#8221;Lunes a Viernes: 07:30 -14:00 hrs.&#8221; font_container=&#8221;tag:p|font_size:12px|text_align:left&#8221; use_theme_fonts=&#8221;yes&#8221; css=&#8221;.vc_custom_1528479275466{margin-bottom: 0px !important;margin-left: 20px !important;}&#8221;]\n\t\t\t\t\t<div class=\"wh-theme-icon \" style=\"position:absolute;\">\n\t\t\t\t<i class=\"icon-phone-handset\" ><\/i>\n\t\t\t<\/div>\n\t\t\n\t\t[vc_custom_heading text=&#8221;Tel\u00e9fono&#8221; font_container=&#8221;tag:p|font_size:12px|text_align:left&#8221; use_theme_fonts=&#8221;yes&#8221; css=&#8221;.vc_custom_1528479030493{margin-bottom: 0px !important;margin-left: 20px !important;}&#8221;][vc_custom_heading text=&#8221;+52 (614) 432 3900&#8243; font_container=&#8221;tag:p|font_size:12px|text_align:left&#8221; use_theme_fonts=&#8221;yes&#8221; css=&#8221;.vc_custom_1528479299915{margin-bottom: 0px !important;margin-left: 20px !important;}&#8221;]\n\t\t\t\t\t<div class=\"wh-theme-icon \" style=\"position:absolute;\">\n\t\t\t\t<i class=\"icon-Mail\" ><\/i>\n\t\t\t<\/div>\n\t\t\n\t\t[vc_custom_heading text=&#8221;Correo Electr\u00f3nico&#8221; font_container=&#8221;tag:p|font_size:12px|text_align:left&#8221; use_theme_fonts=&#8221;yes&#8221; css=&#8221;.vc_custom_1528479047772{margin-bottom: 0px !important;margin-left: 20px !important;}&#8221;][\/vc_column][vc_column width=&#8221;2\/3&#8243;][vc_custom_heading text=&#8221;Agenda una cita&#8221; font_container=&#8221;tag:h2|font_size:23px|text_align:center&#8221; use_theme_fonts=&#8221;yes&#8221;]<div role=\"form\" class=\"wpcf7\" id=\"wpcf7-f439-o1\" lang=\"en-US\" dir=\"ltr\">\n<div class=\"screen-reader-response\"><\/div>\n<form action=\"\/wordpress\/wp-json\/wp\/v2\/pages\/100#wpcf7-f439-o1\" method=\"post\" class=\"wpcf7-form\" novalidate=\"novalidate\">\n<div style=\"display: none;\">\n<input type=\"hidden\" name=\"_wpcf7\" value=\"439\" \/>\n<input type=\"hidden\" name=\"_wpcf7_version\" value=\"5.1\" \/>\n<input type=\"hidden\" name=\"_wpcf7_locale\" value=\"en_US\" \/>\n<input type=\"hidden\" name=\"_wpcf7_unit_tag\" value=\"wpcf7-f439-o1\" \/>\n<input type=\"hidden\" name=\"_wpcf7_container_post\" value=\"0\" \/>\n<input type=\"hidden\" name=\"g-recaptcha-response\" value=\"\" \/>\n<\/div>\n<div class=\"vc_row make-an-appointment-form\" style=\"line-height:30px;\">\n<div class=\"vc_col-sm-6\">\n<p><span class=\"wpcf7-form-control-wrap your-name\"><input type=\"text\" name=\"your-name\" value=\"\" size=\"30\" class=\"wpcf7-form-control wpcf7-text wpcf7-validates-as-required\" aria-required=\"true\" aria-invalid=\"false\" placeholder=\"Tu nombre\" \/><\/span> <\/p>\n<p><span class=\"wpcf7-form-control-wrap your-email\"><input type=\"email\" name=\"your-email\" value=\"\" size=\"30\" class=\"wpcf7-form-control wpcf7-text wpcf7-email wpcf7-validates-as-required wpcf7-validates-as-email\" aria-required=\"true\" aria-invalid=\"false\" placeholder=\"Correo electr\u00f3nico\" \/><\/span> <\/p>\n<p><span class=\"wpcf7-form-control-wrap your-subject\"><input type=\"text\" name=\"your-subject\" value=\"\" size=\"30\" class=\"wpcf7-form-control wpcf7-text\" aria-invalid=\"false\" placeholder=\"Asunto\" \/><\/span> <\/p>\n<\/div>\n<div class=\"vc_col-sm-6\">\n<p><span class=\"wpcf7-form-control-wrap your-message\"><textarea name=\"your-message\" cols=\"30\" rows=\"8\" class=\"wpcf7-form-control wpcf7-textarea\" aria-invalid=\"false\" placeholder=\"Tu mensaje\"><\/textarea><\/span> <\/p>\n<\/div>\n<div class=\"vc_col-xs-6\">\n<p style=\"margin-top: 21px;margin-left: 11px;font-size: 15px;line-height: 18px;\">Todos los campos son oblogatorios<\/p>\n<\/div>\n<div class=\"vc_col-xs-6\">\n<p class=\"form-button pull-right\" style=\"margin-top: 10px;margin-right:-20px;margin-bottom:22px;\"><input type=\"submit\" value=\"Enviar\" class=\"wpcf7-form-control wpcf7-submit\" \/><\/p>\n<\/div>\n<\/div>\n<p style=\"display: none !important;\"><label>&#916;<textarea name=\"_wpcf7_ak_hp_textarea\" cols=\"45\" rows=\"8\" maxlength=\"100\"><\/textarea><\/label><input type=\"hidden\" id=\"ak_js\" name=\"_wpcf7_ak_js\" value=\"63\"\/><script>document.getElementById( \"ak_js\" ).setAttribute( \"value\", ( new Date() ).getTime() );<\/script><\/p><div class=\"wpcf7-response-output wpcf7-display-none\"><\/div><\/form><\/div>[\/vc_column][\/vc_row]<\/p>\n","protected":false},"excerpt":{"rendered":"<p>[vc_row][vc_column][vc_gmaps link=&#8221;#E-8_JTNDaWZyYW1lJTIwc3JjJTNEJTIyaHR0cHMlM0ElMkYlMkZ3d3cuZ29vZ2xlLmNvbSUyRm1hcHMlMkZlbWJlZCUzRnBiJTNEJTIxMW0xOCUyMTFtMTIlMjExbTMlMjExZDM1MDIuMjE2NjYwMzE1NTIzOCUyMTJkLTEwNi4xMDg2ODQ2NDg3NDk3NyUyMTNkMjguNjIzMjY3OTE3OTA0NTQlMjEybTMlMjExZjAlMjEyZjAlMjEzZjAlMjEzbTIlMjExaTEwMjQlMjEyaTc2OCUyMTRmMTMuMSUyMTNtMyUyMTFtMiUyMTFzMHg4NmVhNDMzNWU4NGJmNmFiJTI1M0EweGY4MGIyNWNiYzVhNGI0NWQlMjEyc0luc3RpdHV0byUyQkxhJTJCU2FsbGUlMkJkZSUyQkNoaWh1YWh1YSUyMTVlMCUyMTNtMiUyMTFzZXMlMjEyc214JTIxNHYxNTI4NDc4MTE2MjE1JTIyJTIwd2lkdGglM0QlMjI4MDAlMjIlMjBoZWlnaHQlM0QlMjI0NzAlMjIlMjBmcmFtZWJvcmRlciUzRCUyMjAlMjIlMjBzdHlsZSUzRCUyMmJvcmRlciUzQTAlMjIlMjBhbGxvd2Z1bGxzY3JlZW4lM0UlM0MlMkZpZnJhbWUlM0U=&#8221;][\/vc_column][\/vc_row][vc_row][vc_column width=&#8221;1\/3&#8243;][vc_custom_heading text=&#8221;Direcci\u00f3n&#8221; font_container=&#8221;tag:p|font_size:12px|text_align:left&#8221; use_theme_fonts=&#8221;yes&#8221; css=&#8221;.vc_custom_1528478942885{margin-bottom: 0px !important;margin-left: 20px !important;}&#8221;][vc_custom_heading text=&#8221;Av. P\u00f3lit\u00e9cnico Nacional #5100 Col. Lomas La Salle, C.P. 31214 Chihuahua, Chihuahua, M\u00e9x.&#8221; font_container=&#8221;tag:p|font_size:12px|text_align:left&#8221; use_theme_fonts=&#8221;yes&#8221; css=&#8221;.vc_custom_1528479254261{margin-bottom: 0px !important;margin-left: 20px !important;}&#8221;][vc_custom_heading text=&#8221;Horario de Oficinas&#8221; font_container=&#8221;tag:p|font_size:12px|text_align:left&#8221; use_theme_fonts=&#8221;yes&#8221; css=&#8221;.vc_custom_1528479010700{margin-bottom: 0px !important;margin-left: 20px !important;}&#8221;][vc_custom_heading text=&#8221;Lunes a Viernes: 07:30 -14:00 hrs.&#8221; font_container=&#8221;tag:p|font_size:12px|text_align:left&#8221; use_theme_fonts=&#8221;yes&#8221; css=&#8221;.vc_custom_1528479275466{margin-bottom: 0px !important;margin-left: 20px !important;}&#8221;][vc_custom_heading text=&#8221;Tel\u00e9fono&#8221; font_container=&#8221;tag:p|font_size:12px|text_align:left&#8221; use_theme_fonts=&#8221;yes&#8221; css=&#8221;.vc_custom_1528479030493{margin-bottom: 0px !important;margin-left:&nbsp;<a href=\"https:\/\/www.lasallechihuahua.edu.mx\/wordpress\/contactanos\/\">[&hellip;]<\/a><\/p>\n","protected":false},"author":1,"featured_media":0,"parent":0,"menu_order":0,"comment_status":"closed","ping_status":"open","template":"","meta":[],"_links":{"self":[{"href":"https:\/\/www.lasallechihuahua.edu.mx\/wordpress\/wp-json\/wp\/v2\/pages\/100"}],"collection":[{"href":"https:\/\/www.lasallechihuahua.edu.mx\/wordpress\/wp-json\/wp\/v2\/pages"}],"about":[{"href":"https:\/\/www.lasallechihuahua.edu.mx\/wordpress\/wp-json\/wp\/v2\/types\/page"}],"author":[{"embeddable":true,"href":"https:\/\/www.lasallechihuahua.edu.mx\/wordpress\/wp-json\/wp\/v2\/users\/1"}],"replies":[{"embeddable":true,"href":"https:\/\/www.lasallechihuahua.edu.mx\/wordpress\/wp-json\/wp\/v2\/comments?post=100"}],"version-history":[{"count":8,"href":"https:\/\/www.lasallechihuahua.edu.mx\/wordpress\/wp-json\/wp\/v2\/pages\/100\/revisions"}],"predecessor-version":[{"id":3392,"href":"https:\/\/www.lasallechihuahua.edu.mx\/wordpress\/wp-json\/wp\/v2\/pages\/100\/revisions\/3392"}],"wp:attachment":[{"href":"https:\/\/www.lasallechihuahua.edu.mx\/wordpress\/wp-json\/wp\/v2\/media?parent=100"}],"curies":[{"name":"wp","href":"https:\/\/api.w.org\/{rel}","templated":true}]}}